{"id":2554,"date":"2015-01-20T15:19:42","date_gmt":"2015-01-20T15:19:42","guid":{"rendered":"http:\/\/www.balsa-cvv.com\/contacte-2\/"},"modified":"2020-10-14T10:37:22","modified_gmt":"2020-10-14T10:37:22","slug":"contacto","status":"publish","type":"page","link":"https:\/\/www.balsa.cat\/es\/contacto\/","title":{"rendered":"Contacto"},"content":{"rendered":"<!--themify_builder_content-->\n<div id=\"themify_builder_content-2554\" data-postid=\"2554\" class=\"themify_builder_content themify_builder_content-2554 themify_builder tf_clear\">\n                    <div  data-lazy=\"1\" class=\"module_row themify_builder_row tb_nsra441 tb_first tf_w\">\n                        <div class=\"row_inner col_align_top tb_col_count_1 tf_box tf_rel\">\n                        <div  data-lazy=\"1\" class=\"module_column tb-column col-full tb_qq3l442 first\">\n                    <!-- module text -->\n<div  class=\"module module-text tb_xgkr442 tel repeat \" data-lazy=\"1\">\n        <div  class=\"tb_text_wrap\">\n        <p>CONTACTO<\/p>    <\/div>\n<\/div>\n<!-- \/module text --><!-- module divider -->\n<div  class=\"module tf_mw module-divider tb_flf6443 solid   \" style=\"border-width: 1px;border-color: #99a551;margin-top: 0px;margin-bottom: 30px;\" data-lazy=\"1\">\n    <\/div>\n<!-- \/module divider -->\n        <\/div>\n                        <\/div>\n        <\/div>\n                        <div  data-lazy=\"1\" class=\"module_row themify_builder_row tb_9qlw441 tf_w\">\n                        <div class=\"row_inner col_align_top tb_col_count_2 tf_box tf_rel\">\n                        <div  data-lazy=\"1\" class=\"module_column tb-column col4-2 tb_7exj443 first\">\n                    <!-- module text -->\n<div  class=\"module module-text tb_3wun444  repeat \" data-lazy=\"1\">\n        <div  class=\"tb_text_wrap\">\n        <h2>BALSA<\/h2><p><strong>Baucells Alib\u00e9s, SA<\/strong><\/p><p>T. 93 850 27 43<br \/>F. 93 850 20 74<\/p><p>Onze de setembre, 48-50<br \/>08508 Les Masies de Voltreg\u00e0<br \/>(Barcelona)<\/p>    <\/div>\n<\/div>\n<!-- \/module text --><!-- module divider -->\n<div  class=\"module tf_mw module-divider tb_fxdc444 solid   \" style=\"border-width: 0px;border-color: #000000;margin-top: 25px;margin-bottom: 25px;\" data-lazy=\"1\">\n    <\/div>\n<!-- \/module divider -->\n        <\/div>\n                    <div  data-lazy=\"1\" class=\"module_column tb-column col4-2 tb_4u4e445 last\">\n                    <!-- module image -->\n<div  class=\"module module-image tb_nm5h445 image-top   tf_mw\" data-lazy=\"1\">\n        <div class=\"image-wrap tf_rel tf_mw\">\n            <img loading=\"lazy\" decoding=\"async\" width=\"1002\" height=\"667\" src=\"https:\/\/www.balsa.cat\/wp-content\/uploads\/2015\/01\/Balsa-11.jpg\" class=\"wp-post-image wp-image-2496\" title=\"Balsa\" alt=\"Balsa\" srcset=\"https:\/\/www.balsa.cat\/wp-content\/uploads\/2015\/01\/Balsa-11.jpg 1002w, https:\/\/www.balsa.cat\/wp-content\/uploads\/2015\/01\/Balsa-11-600x399.jpg 600w\" sizes=\"auto, (max-width: 1002px) 100vw, 1002px\" \/>    \n        <\/div>\n    <!-- \/image-wrap -->\n    \n        <\/div>\n<!-- \/module image -->        <\/div>\n                        <\/div>\n        <\/div>\n                        <div  data-lazy=\"1\" class=\"module_row themify_builder_row tb_9knr975 tf_w\">\n                        <div class=\"row_inner col_align_top tb_col_count_1 tf_box tf_rel\">\n                        <div  data-lazy=\"1\" class=\"module_column tb-column col-full tb_7tb4975 first\">\n                    <!-- module contact -->\n<div  id=\"tb_hvwe976\" class=\"module module-contact tb_hvwe976 contact-style1 \" data-lazy=\"1\">\n    \n\t<form class=\"builder-contact\"\n\t\tid=\"tb_hvwe976-form\"\n\t\tmethod=\"post\"\n\t\tdata-post-id=\"2554\"\n\t\tdata-element-id=\"hvwe976\"\n\t\tdata-orig-id=\"2554\"\n\t>\n    <div class=\"contact-message\"><\/div>\n\t<div class=\"builder-contact-fields tf_rel\">\n\t\t    \t\t    <div class=\"builder-contact-field builder-contact-field-name builder-contact-text-field\">\n\t\t\t    <label class=\"control-label\" for=\"tb_hvwe976-contact-name\">\n\t\t\t\t\t\t\t\t\t\t<span class=\"tb-label-span\">Nombre y apellidos <\/span>\t\t\t\t<\/label>\n\t\t\t    <div class=\"control-input tf_rel\">\n\t\t\t\t    \t\t\t\t\t    <input type=\"text\" name=\"contact-name\" placeholder=\"\" id=\"tb_hvwe976-contact-name\" value=\"\" class=\"form-control\" >\n\t\t\t\t    \t\t\t\t    \t\t\t    <\/div>\n\t\t<\/div>\n\t    \n\t\t    \t\t    <div class=\"builder-contact-field builder-contact-field-email builder-contact-text-field\">\n\t\t\t    <label class=\"control-label\" for=\"tb_hvwe976-contact-email\">\n\t\t\t\t\t\t\t\t\t\t<span class=\"tb-label-span\">Correo electr\u00f3nico <\/span><span class=\"required\">*<\/span>\t\t\t\t<\/label>\n\t\t\t    <div class=\"control-input tf_rel\">\n\t\t\t\t    \t\t\t\t\t    <input type=\"email\" name=\"contact-email\" placeholder=\"\" id=\"tb_hvwe976-contact-email\" value=\"\" class=\"form-control\" required>\n\t\t\t\t    \t\t\t\t    \t\t\t    <\/div>\n\t\t<\/div>\n\t    \n\t\t    \t\t    <div class=\"builder-contact-field builder-contact-field-subject builder-contact-text-field\">\n\t\t\t    <label class=\"control-label\" for=\"tb_hvwe976-contact-subject\">\n\t\t\t\t\t\t\t\t\t\t<span class=\"tb-label-span\">Asunto <\/span><span class=\"required\">*<\/span>\t\t\t\t<\/label>\n\t\t\t    <div class=\"control-input tf_rel\">\n\t\t\t\t    \t\t\t\t\t    <input type=\"text\" name=\"contact-subject\" placeholder=\"\" id=\"tb_hvwe976-contact-subject\" value=\"\" class=\"form-control\" required>\n\t\t\t\t    \t\t\t\t    \t\t\t    <\/div>\n\t\t<\/div>\n\t    \n\t\t    \t\t    <div class=\"builder-contact-field builder-contact-field-message builder-contact-textarea-field\">\n\t\t\t    <label class=\"control-label\" for=\"tb_hvwe976-contact-message\">\n\t\t\t\t\t\t\t\t\t\t<span class=\"tb-label-span\">Mensaje <\/span>\t\t\t\t<\/label>\n\t\t\t    <div class=\"control-input tf_rel\">\n\t\t\t\t    \t\t\t\t\t    <textarea name=\"contact-message\" placeholder=\"\" id=\"tb_hvwe976-contact-message\" class=\"form-control\"><\/textarea>\n\t\t\t\t    \t\t\t\t    \t\t\t    <\/div>\n\t\t<\/div>\n\t    \n\t\t    \t\t    \t\t    <div class=\"builder-contact-field builder-contact-field-extra builder-contact-checkbox-field\">\n\t\t\t\t\n\t\t\t\t<label class=\"control-label\">\n\t\t\t\t\t\n\t\t\t\t\tNewsletter\t\t\t\t\t\t\t\t\t\t\t<input type=\"hidden\" name=\"field_extra_name_0\" value=\"Newsletter\">\n\t\t\t\t\t\t\t\t\t<\/label>\n\t\t\t\t<div class=\"control-input tf_rel\">\n\t\t\t\t\t\t\t\t\t\t\t\t\t\t\t\t\t\t\t\t\t\t\t\t\t\t<label>\n\t\t\t\t\t\t\t\t\t<input type=\"checkbox\" name=\"field_extra_0[]\" value=\"Acepto recibir comunicaciones por correo electr\u00f3nico relativas a las actividades y noticias de inter\u00e9s relacionadas con los servicios del responsable\" class=\"form-control\">Acepto recibir comunicaciones por correo electr\u00f3nico relativas a las actividades y noticias de inter\u00e9s relacionadas con los servicios del responsable\t\t\t\t\t\t\t\t<\/label>\n\t\t\t\t\t\t\t\t\t\t\t\t\t\t\t\t\t\t\n\t\t\t\t\t\t\t\t\t<\/div>\n\t\t    <\/div>\n\t    \n\t\t    \t\t\n\t\t\t\t\t<div class=\"builder-contact-field builder-contact-field-gdpr\">\n\t\t\t\t<div class=\"control-label\">\n\t\t\t\t\t<div class=\"control-input tf_rel\">\n\t\t\t\t\t\t<label class=\"field-gdpr\">\n\t\t\t\t\t\t\t<input type=\"checkbox\" name=\"gdpr\" value=\"1\" required>\n\t\t\t\t\t\t\t<span>He le\u00eddo y acepto las condiciones del <a href=\"https:\/\/www.balsa.cat\/es\/aviso-legal\/\">Aviso legal<\/a><\/span>\n\t\t\t\t\t\t\t<span class=\"required\">*<\/span>\n\t\t\t\t\t\t<\/label>\n\t\t\t\t\t<\/div>\n\t\t\t\t<\/div>\n\t\t\t<\/div>\n\t\t\n\t    \n\t    <div class=\"builder-contact-field builder-contact-field-send control-input tf_textl tf_clear tf_rel\">\n\t\t\t<button type=\"submit\" class=\"btn btn-primary\">\n\t\t\t\t<span class=\"tf_loader\"><\/span>\t\t\t\t<span class=\"tf_submit_icon\"><\/span> \n\t\t\t\tEnviar\t\t\t<\/button>\n\t    <\/div>\n\t<\/div>\n    <\/form>\n    <\/div>\n<!-- \/module contact -->\n<!-- module text -->\n<div  class=\"module module-text tb_bnp1976   \" data-lazy=\"1\">\n        <div  class=\"tb_text_wrap\">\n        <p>Conforme a lo previsto en el Reglamento (UE) 2016\/679, del Parlamento Europeo y del Consejo, de 27 de abril de 2016, relativo a la protecci\u00f3n de las personas f\u00edsicas en lo que respecta al tratamiento de datos personales, le informamos que el responsable del tratamiento es BAUCELLS ALIB\u00c9S, SA domiciliada en Les Masies de Voltreg\u00e0 (08508), en la Calle Once de Septiembre, 48-50, con NIF A08953887 y a.\/e .:<a href=\"_wp_link_placeholder\" data-wplink-edit=\"true\"> balsa@balsa.ca<\/a>t.<\/p>\n<p>Sus datos de car\u00e1cter personal ser\u00e1n tratados con el fin de mantener informados a los interesados \u200b\u200bde los servicios que se ofrecen en base al art\u00edculo 6.1 a) del RGPD. Los datos proporcionados se conservar\u00e1n en un plazo m\u00e1ximo de cinco a\u00f1os desde la \u00faltima gesti\u00f3n realizada, siempre que no se haya solicitante antes su supresi\u00f3n. Los datos no se ceder\u00e1n a terceros salvo en los casos en que exista una obligaci\u00f3n legal.<\/p>\n<p>Usted tiene derecho a acceder, rectificar sus datos, as\u00ed como solicitar su supresi\u00f3n cuando ya no sean necesarias para su finalidad. Tambi\u00e9n en determinadas circunstancias puede solicitar la limitaci\u00f3n del tratamiento, en cuyo caso s\u00f3lo se conservar\u00e1n para el ejercicio o defensa de reclamaciones.<\/p>\n<p>Para ejercer sus derechos puede dirigirse por cualquier medio al responsable del tratamiento, previa identificaci\u00f3n. Tambi\u00e9n podr\u00e1 acudir a la Autoridad de Control competente y presentar una reclamaci\u00f3n cuando considere que su solicitud de ejercicio de estos derechos no se ha atendido debidamente.<\/p>\n<p>Enterado de todo esto doy mi consentimiento para el tratamiento de mis datos personales que voluntariamente cedo y en la forma informada.<\/p>    <\/div>\n<\/div>\n<!-- \/module text --><!-- module divider -->\n<div  class=\"module tf_mw module-divider tb_525k977 solid   \" style=\"border-width: 0px;border-color: #000000;margin-top: 25px;margin-bottom: 25px;\" data-lazy=\"1\">\n    <\/div>\n<!-- \/module divider -->\n        <\/div>\n                        <\/div>\n        <\/div>\n                        <div  data-lazy=\"1\" class=\"module_row themify_builder_row tb_icdp441 tf_w\">\n                        <div class=\"row_inner col_align_top tb_col_count_1 tf_box tf_rel\">\n                        <div  data-lazy=\"1\" class=\"module_column tb-column col-full tb_vr1w446 first\">\n                    <!-- module text -->\n<div  class=\"module module-text tb_g6ja447 tel repeat \" data-lazy=\"1\">\n        <div  class=\"tb_text_wrap\">\n        <p>SITUACI\u00d3N<\/p>    <\/div>\n<\/div>\n<!-- \/module text --><!-- module divider -->\n<div  class=\"module tf_mw module-divider tb_ldnd447 solid   \" style=\"border-width: 1px;border-color: #99a551;margin-top: 0px;margin-bottom: 30px;\" data-lazy=\"1\">\n    <\/div>\n<!-- \/module divider -->\n        <\/div>\n                        <\/div>\n        <\/div>\n                        <div  data-lazy=\"1\" class=\"module_row themify_builder_row tb_ngy9441 tf_w\">\n                        <div class=\"row_inner col_align_top tb_col_count_1 tf_box tf_rel\">\n                        <div  data-lazy=\"1\" class=\"module_column tb-column col-full tb_34t7447 first\">\n                    <!-- module text -->\n<div  class=\"module module-text tb_mzor447  repeat \" data-lazy=\"1\">\n        <div  class=\"tb_text_wrap\">\n        <p><iframe loading=\"lazy\" src=\"https:\/\/www.google.com\/maps\/embed?pb=!1m14!1m8!1m3!1d11858.25615556358!2d2.2406531!3d42.009631!3m2!1i1024!2i768!4f13.1!3m3!1m2!1s0x0%3A0x6464beeb83185828!2sBaucells+Alib%C3%A9s+S.+A.!5e0!3m2!1sca!2ses!4v1560146718271!5m2!1sca!2ses\" width=\"1160\" height=\"450\" frameborder=\"0\" style=\"border:0\" allowfullscreen><\/iframe><\/p>\n    <\/div>\n<\/div>\n<!-- \/module text -->        <\/div>\n                        <\/div>\n        <\/div>\n        <\/div>\n<!--\/themify_builder_content-->","protected":false},"excerpt":{"rendered":"<p>CONTACTO BALSA Baucells Alib\u00e9s, SA T. 93 850 27 43F. 93 850 20 74 Onze de setembre, 48-5008508 Les Masies de Voltreg\u00e0(Barcelona) Nombre y apellidos Correo electr\u00f3nico * Asunto * Mensaje * Newsletter Acepto recibir comunicaciones por correo electr\u00f3nico relativas a las actividades y noticias de inter\u00e9s relacionadas con los servicios del responsable He le\u00eddo [&hellip;]<\/p>\n","protected":false},"author":1,"featured_media":0,"parent":0,"menu_order":5,"comment_status":"closed","ping_status":"closed","template":"","meta":{"inline_featured_image":false,"footnotes":""},"class_list":["post-2554","page","type-page","status-publish","hentry","has-post-title","has-post-date","has-post-category","has-post-tag","has-post-comment","has-post-author",""],"yoast_head":"<!-- This site is optimized with the Yoast SEO plugin v26.8 - https:\/\/yoast.com\/product\/yoast-seo-wordpress\/ -->\n<title>Balsa - Contacte<\/title>\n<meta name=\"description\" content=\"T. 93 850 27 43, F. 93 850 20 74, balsa@balsa-cvv.com, Onze de setembre, 48-50 - 08508 - Les Masies de Voltreg\u00e0 (Barcelona)\" \/>\n<meta name=\"robots\" content=\"index, follow, max-snippet:-1, max-image-preview:large, max-video-preview:-1\" \/>\n<link rel=\"canonical\" href=\"https:\/\/www.balsa.cat\/es\/contacto\/\" \/>\n<meta property=\"og:locale\" content=\"es_ES\" \/>\n<meta property=\"og:type\" content=\"article\" \/>\n<meta property=\"og:title\" content=\"Balsa - Contacte\" \/>\n<meta property=\"og:description\" content=\"T. 93 850 27 43, F. 93 850 20 74, balsa@balsa-cvv.com, Onze de setembre, 48-50 - 08508 - Les Masies de Voltreg\u00e0 (Barcelona)\" \/>\n<meta property=\"og:url\" content=\"https:\/\/www.balsa.cat\/es\/contacto\/\" \/>\n<meta property=\"og:site_name\" content=\"Balsa\" \/>\n<meta property=\"article:modified_time\" content=\"2020-10-14T10:37:22+00:00\" \/>\n<meta property=\"og:image\" content=\"https:\/\/www.balsa.cat\/wp-content\/uploads\/2015\/01\/Balsa-11.jpg\" \/>\n<meta name=\"twitter:label1\" content=\"Tiempo de lectura\" \/>\n\t<meta name=\"twitter:data1\" content=\"2 minutos\" \/>\n<script type=\"application\/ld+json\" class=\"yoast-schema-graph\">{\"@context\":\"https:\/\/schema.org\",\"@graph\":[{\"@type\":\"WebPage\",\"@id\":\"https:\/\/www.balsa.cat\/es\/contacto\/\",\"url\":\"https:\/\/www.balsa.cat\/es\/contacto\/\",\"name\":\"Balsa - Contacte\",\"isPartOf\":{\"@id\":\"https:\/\/www.balsa.cat\/es\/#website\"},\"primaryImageOfPage\":{\"@id\":\"https:\/\/www.balsa.cat\/es\/contacto\/#primaryimage\"},\"image\":{\"@id\":\"https:\/\/www.balsa.cat\/es\/contacto\/#primaryimage\"},\"thumbnailUrl\":\"https:\/\/www.balsa.cat\/wp-content\/uploads\/2015\/01\/Balsa-11.jpg\",\"datePublished\":\"2015-01-20T15:19:42+00:00\",\"dateModified\":\"2020-10-14T10:37:22+00:00\",\"description\":\"T. 93 850 27 43, F. 93 850 20 74, balsa@balsa-cvv.com, Onze de setembre, 48-50 - 08508 - Les Masies de Voltreg\u00e0 (Barcelona)\",\"breadcrumb\":{\"@id\":\"https:\/\/www.balsa.cat\/es\/contacto\/#breadcrumb\"},\"inLanguage\":\"es\",\"potentialAction\":[{\"@type\":\"ReadAction\",\"target\":[\"https:\/\/www.balsa.cat\/es\/contacto\/\"]}]},{\"@type\":\"ImageObject\",\"inLanguage\":\"es\",\"@id\":\"https:\/\/www.balsa.cat\/es\/contacto\/#primaryimage\",\"url\":\"https:\/\/www.balsa.cat\/wp-content\/uploads\/2015\/01\/Balsa-11.jpg\",\"contentUrl\":\"https:\/\/www.balsa.cat\/wp-content\/uploads\/2015\/01\/Balsa-11.jpg\"},{\"@type\":\"BreadcrumbList\",\"@id\":\"https:\/\/www.balsa.cat\/es\/contacto\/#breadcrumb\",\"itemListElement\":[{\"@type\":\"ListItem\",\"position\":1,\"name\":\"Inici\",\"item\":\"https:\/\/www.balsa.cat\/es\/\"},{\"@type\":\"ListItem\",\"position\":2,\"name\":\"Contacto\"}]},{\"@type\":\"WebSite\",\"@id\":\"https:\/\/www.balsa.cat\/es\/#website\",\"url\":\"https:\/\/www.balsa.cat\/es\/\",\"name\":\"Balsa\",\"description\":\"\",\"potentialAction\":[{\"@type\":\"SearchAction\",\"target\":{\"@type\":\"EntryPoint\",\"urlTemplate\":\"https:\/\/www.balsa.cat\/es\/?s={search_term_string}\"},\"query-input\":{\"@type\":\"PropertyValueSpecification\",\"valueRequired\":true,\"valueName\":\"search_term_string\"}}],\"inLanguage\":\"es\"}]}<\/script>\n<!-- \/ Yoast SEO plugin. -->","yoast_head_json":{"title":"Balsa - Contacte","description":"T. 93 850 27 43, F. 93 850 20 74, balsa@balsa-cvv.com, Onze de setembre, 48-50 - 08508 - Les Masies de Voltreg\u00e0 (Barcelona)","robots":{"index":"index","follow":"follow","max-snippet":"max-snippet:-1","max-image-preview":"max-image-preview:large","max-video-preview":"max-video-preview:-1"},"canonical":"https:\/\/www.balsa.cat\/es\/contacto\/","og_locale":"es_ES","og_type":"article","og_title":"Balsa - Contacte","og_description":"T. 93 850 27 43, F. 93 850 20 74, balsa@balsa-cvv.com, Onze de setembre, 48-50 - 08508 - Les Masies de Voltreg\u00e0 (Barcelona)","og_url":"https:\/\/www.balsa.cat\/es\/contacto\/","og_site_name":"Balsa","article_modified_time":"2020-10-14T10:37:22+00:00","og_image":[{"url":"https:\/\/www.balsa.cat\/wp-content\/uploads\/2015\/01\/Balsa-11.jpg","type":"","width":"","height":""}],"twitter_misc":{"Tiempo de lectura":"2 minutos"},"schema":{"@context":"https:\/\/schema.org","@graph":[{"@type":"WebPage","@id":"https:\/\/www.balsa.cat\/es\/contacto\/","url":"https:\/\/www.balsa.cat\/es\/contacto\/","name":"Balsa - Contacte","isPartOf":{"@id":"https:\/\/www.balsa.cat\/es\/#website"},"primaryImageOfPage":{"@id":"https:\/\/www.balsa.cat\/es\/contacto\/#primaryimage"},"image":{"@id":"https:\/\/www.balsa.cat\/es\/contacto\/#primaryimage"},"thumbnailUrl":"https:\/\/www.balsa.cat\/wp-content\/uploads\/2015\/01\/Balsa-11.jpg","datePublished":"2015-01-20T15:19:42+00:00","dateModified":"2020-10-14T10:37:22+00:00","description":"T. 93 850 27 43, F. 93 850 20 74, balsa@balsa-cvv.com, Onze de setembre, 48-50 - 08508 - Les Masies de Voltreg\u00e0 (Barcelona)","breadcrumb":{"@id":"https:\/\/www.balsa.cat\/es\/contacto\/#breadcrumb"},"inLanguage":"es","potentialAction":[{"@type":"ReadAction","target":["https:\/\/www.balsa.cat\/es\/contacto\/"]}]},{"@type":"ImageObject","inLanguage":"es","@id":"https:\/\/www.balsa.cat\/es\/contacto\/#primaryimage","url":"https:\/\/www.balsa.cat\/wp-content\/uploads\/2015\/01\/Balsa-11.jpg","contentUrl":"https:\/\/www.balsa.cat\/wp-content\/uploads\/2015\/01\/Balsa-11.jpg"},{"@type":"BreadcrumbList","@id":"https:\/\/www.balsa.cat\/es\/contacto\/#breadcrumb","itemListElement":[{"@type":"ListItem","position":1,"name":"Inici","item":"https:\/\/www.balsa.cat\/es\/"},{"@type":"ListItem","position":2,"name":"Contacto"}]},{"@type":"WebSite","@id":"https:\/\/www.balsa.cat\/es\/#website","url":"https:\/\/www.balsa.cat\/es\/","name":"Balsa","description":"","potentialAction":[{"@type":"SearchAction","target":{"@type":"EntryPoint","urlTemplate":"https:\/\/www.balsa.cat\/es\/?s={search_term_string}"},"query-input":{"@type":"PropertyValueSpecification","valueRequired":true,"valueName":"search_term_string"}}],"inLanguage":"es"}]}},"builder_content":"<p>CONTACTO<\/p>\n\n<h2>BALSA<\/h2><p><strong>Baucells Alib\u00e9s, SA<\/strong><\/p><p>T. 93 850 27 43<br \/>F. 93 850 20 74<\/p><p>Onze de setembre, 48-50<br \/>08508 Les Masies de Voltreg\u00e0<br \/>(Barcelona)<\/p>\n\n<img src=\"https:\/\/www.balsa.cat\/wp-content\/uploads\/2015\/01\/Balsa-11.jpg\" title=\"Balsa\" alt=\"Balsa\" srcset=\"https:\/\/www.balsa.cat\/wp-content\/uploads\/2015\/01\/Balsa-11.jpg 1002w, https:\/\/www.balsa.cat\/wp-content\/uploads\/2015\/01\/Balsa-11-600x399.jpg 600w\" sizes=\"(max-width: 1002px) 100vw, 1002px\" \/>\n<form id=\"tb_hvwe976-form\" method=\"post\" data-post-id=\"0\" data-element-id=\"hvwe976\" data-orig-id=\"2554\" > <label for=\"tb_hvwe976-contact-name\"> Nombre y apellidos <\/label> <input type=\"text\" name=\"contact-name\" placeholder=\"\" id=\"tb_hvwe976-contact-name\" value=\"\" > <label for=\"tb_hvwe976-contact-email\"> Correo electr\u00f3nico * <\/label> <input type=\"email\" name=\"contact-email\" placeholder=\"\" id=\"tb_hvwe976-contact-email\" value=\"\" required> <label for=\"tb_hvwe976-contact-subject\"> Asunto * <\/label> <input type=\"text\" name=\"contact-subject\" placeholder=\"\" id=\"tb_hvwe976-contact-subject\" value=\"\" required> <label for=\"tb_hvwe976-contact-message\"> Mensaje <\/label> <textarea name=\"contact-message\" placeholder=\"\" id=\"tb_hvwe976-contact-message\"><\/textarea> <label> Newsletter <input type=\"hidden\" name=\"field_extra_name_0\" value=\"Newsletter\"> <\/label> <label> <input type=\"checkbox\" name=\"field_extra_0[]\" value=\"Acepto recibir comunicaciones por correo electr\u00f3nico relativas a las actividades y noticias de inter\u00e9s relacionadas con los servicios del responsable\">Acepto recibir comunicaciones por correo electr\u00f3nico relativas a las actividades y noticias de inter\u00e9s relacionadas con los servicios del responsable <\/label> <label> <input type=\"checkbox\" name=\"gdpr\" value=\"1\" required> He le\u00eddo y acepto las condiciones del <a href=\"https:\/\/www.balsa.cat\/es\/aviso-legal\/\">Aviso legal<\/a> * <\/label> <button type=\"submit\"> Enviar <\/button> <\/form>\n<p>Conforme a lo previsto en el Reglamento (UE) 2016\/679, del Parlamento Europeo y del Consejo, de 27 de abril de 2016, relativo a la protecci\u00f3n de las personas f\u00edsicas en lo que respecta al tratamiento de datos personales, le informamos que el responsable del tratamiento es BAUCELLS ALIB\u00c9S, SA domiciliada en Les Masies de Voltreg\u00e0 (08508), en la Calle Once de Septiembre, 48-50, con NIF A08953887 y a.\/e .:<a href=\"_wp_link_placeholder\" data-wplink-edit=\"true\"> balsa@balsa.ca<\/a>t.<\/p> <p>Sus datos de car\u00e1cter personal ser\u00e1n tratados con el fin de mantener informados a los interesados \u200b\u200bde los servicios que se ofrecen en base al art\u00edculo 6.1 a) del RGPD. Los datos proporcionados se conservar\u00e1n en un plazo m\u00e1ximo de cinco a\u00f1os desde la \u00faltima gesti\u00f3n realizada, siempre que no se haya solicitante antes su supresi\u00f3n. Los datos no se ceder\u00e1n a terceros salvo en los casos en que exista una obligaci\u00f3n legal.<\/p> <p>Usted tiene derecho a acceder, rectificar sus datos, as\u00ed como solicitar su supresi\u00f3n cuando ya no sean necesarias para su finalidad. Tambi\u00e9n en determinadas circunstancias puede solicitar la limitaci\u00f3n del tratamiento, en cuyo caso s\u00f3lo se conservar\u00e1n para el ejercicio o defensa de reclamaciones.<\/p> <p>Para ejercer sus derechos puede dirigirse por cualquier medio al responsable del tratamiento, previa identificaci\u00f3n. Tambi\u00e9n podr\u00e1 acudir a la Autoridad de Control competente y presentar una reclamaci\u00f3n cuando considere que su solicitud de ejercicio de estos derechos no se ha atendido debidamente.<\/p> <p>Enterado de todo esto doy mi consentimiento para el tratamiento de mis datos personales que voluntariamente cedo y en la forma informada.<\/p>\n\n<p>SITUACI\u00d3N<\/p>\n\n<p><iframe loading=\"lazy\" src=\"https:\/\/www.google.com\/maps\/embed?pb=!1m14!1m8!1m3!1d11858.25615556358!2d2.2406531!3d42.009631!3m2!1i1024!2i768!4f13.1!3m3!1m2!1s0x0%3A0x6464beeb83185828!2sBaucells+Alib%C3%A9s+S.+A.!5e0!3m2!1sca!2ses!4v1560146718271!5m2!1sca!2ses\" width=\"1160\" height=\"450\" frameborder=\"0\" style=\"border:0\" allowfullscreen><\/iframe><\/p>","_links":{"self":[{"href":"https:\/\/www.balsa.cat\/es\/wp-json\/wp\/v2\/pages\/2554","targetHints":{"allow":["GET"]}}],"collection":[{"href":"https:\/\/www.balsa.cat\/es\/wp-json\/wp\/v2\/pages"}],"about":[{"href":"https:\/\/www.balsa.cat\/es\/wp-json\/wp\/v2\/types\/page"}],"author":[{"embeddable":true,"href":"https:\/\/www.balsa.cat\/es\/wp-json\/wp\/v2\/users\/1"}],"replies":[{"embeddable":true,"href":"https:\/\/www.balsa.cat\/es\/wp-json\/wp\/v2\/comments?post=2554"}],"version-history":[{"count":18,"href":"https:\/\/www.balsa.cat\/es\/wp-json\/wp\/v2\/pages\/2554\/revisions"}],"predecessor-version":[{"id":3167,"href":"https:\/\/www.balsa.cat\/es\/wp-json\/wp\/v2\/pages\/2554\/revisions\/3167"}],"wp:attachment":[{"href":"https:\/\/www.balsa.cat\/es\/wp-json\/wp\/v2\/media?parent=2554"}],"curies":[{"name":"wp","href":"https:\/\/api.w.org\/{rel}","templated":true}]}}