{"id":2550,"date":"2015-01-20T15:19:23","date_gmt":"2015-01-20T15:19:23","guid":{"rendered":"http:\/\/www.balsa-cvv.com\/fundador-2\/"},"modified":"2019-06-07T14:49:28","modified_gmt":"2019-06-07T14:49:28","slug":"fundador","status":"publish","type":"page","link":"https:\/\/www.balsa.cat\/es\/fundador\/","title":{"rendered":"Fundador"},"content":{"rendered":"<!--themify_builder_content-->\n<div id=\"themify_builder_content-2550\" data-postid=\"2550\" class=\"themify_builder_content themify_builder_content-2550 themify_builder tf_clear\">\n                    <div  data-lazy=\"1\" class=\"module_row themify_builder_row tb_3617080 tb_first tf_w\">\n                        <div class=\"row_inner col_align_top tb_col_count_1 tf_box tf_rel\">\n                        <div  data-lazy=\"1\" class=\"module_column tb-column col-full tb_mp5a108 first\">\n                    <!-- module text -->\n<div  class=\"module module-text tb_ucil080 tel repeat \" data-lazy=\"1\">\n        <div  class=\"tb_text_wrap\">\n        <p>FUNDADOR<\/p>    <\/div>\n<\/div>\n<!-- \/module text --><!-- module divider -->\n<div  class=\"module tf_mw module-divider tb_3isp002 solid   \" style=\"border-width: 1px;border-color: #99a551;margin-top: 0px;margin-bottom: 30px;\" data-lazy=\"1\">\n    <\/div>\n<!-- \/module divider -->\n<!-- module text -->\n<div  class=\"module module-text tb_j48k120  repeat \" data-lazy=\"1\">\n        <div  class=\"tb_text_wrap\">\n        <h1>Joan Baucells Pujol<\/h1>    <\/div>\n<\/div>\n<!-- \/module text --><!-- module divider -->\n<div  class=\"module tf_mw module-divider tb_ytda112 solid   \" style=\"border-width: 0px;margin-top: 0px;margin-bottom: 30px;\" data-lazy=\"1\">\n    <\/div>\n<!-- \/module divider -->\n        <\/div>\n                        <\/div>\n        <\/div>\n                        <div  data-lazy=\"1\" class=\"module_row themify_builder_row tb_vvtn208 tf_w\">\n                        <div class=\"row_inner col_align_top tb_col_count_2 tf_box tf_rel\">\n                        <div  data-lazy=\"1\" class=\"module_column tb-column col4-2 tb_lrtl080 first\">\n                    <!-- module text -->\n<div  class=\"module module-text tb_izf7480  repeat \" data-lazy=\"1\">\n        <div  class=\"tb_text_wrap\">\n        <p>Naci\u00f3 en Malla (Barcelona) 09 de Enero del 1923. Tras finalizar los estudios de Veterinaria en 1947 por la Facultad de Zaragoza, ejerci\u00f3 como titular en Sant Hip\u00f2lit de Voltreg\u00e0 a partir de 1948.<\/p><p>El entorno de payes en el que se cri\u00f3 le forjo: humilde, pacifico pero trabajador, luchador, perfidioso, dif\u00edcil de abatir, y con gran afecto a la gente del mundo agrario.<\/p><p>Su objetivo principal fue luchar por la mejora social y econ\u00f3mica de la gente del campo. Dos premisas en su actuaci\u00f3n: no dar por perdida la batalla antes de luchar y actualizaci\u00f3n permanente de los conocimientos.<\/p><p>Consigue \u00e9xitos en algunas dolencias consideradas incurables en su entorno, entre ellas, la \u201cHematuria de los potros reci\u00e9n nacidos\u201d.<\/p><p>En la d\u00e9cada de los 60 considera la situaci\u00f3n econ\u00f3mica del sector porcino muy favorable a pesar de la amenaza de la PPA. Con las charlas y el ejemplo estimula el incremento de la producci\u00f3n porcina. R\u00e1pidamente el censo del los municipios del Voltreganes llega a m\u00e1s de 10.000 cerdas reproductoras con el engorde de unas 150.000 cabezas al a\u00f1o.<\/p><p>Colabora en la introducci\u00f3n de las razas gen\u00e9tica mejoradas Europeas. En 1974 junto con 127 ganaderos crean la granja de gen\u00e9tica \u201cLes Feixes\u201d con 1200 cerdas de raza pura Landrace que posteriormente cruzan con Large White, obteni\u00e9ndose cerdas de reposici\u00f3n de calidad para los socios.<\/p><p>La mejora gen\u00e9tica tiene unas exigencias nutritivas para poder aprovechar su potencial productivo. Joan Baucells se formo intensamente como nutricionista, iniciando en la comarca la suplementaci\u00f3n con vitaminas y microminerales para equilibrar las dietas del ganado.<\/p><p>Con su primo Ramon Baucells, crearon Pinsos Baucells SA, siendo responsable de la gesti\u00f3n t\u00e9cnica (sanidad, nutrici\u00f3n y producci\u00f3n). Busca una empresa ligera, competitiva y directa al ganadero. Su eslogan fue \u201cel \u00fanico pienso que se vende solo\u201d, por su calidad y precio, y sin necesidad de estructura comercial. Obtuvieron un r\u00e1pido crecimiento y fueron la empresa l\u00edder en su \u00e1rea durante d\u00e9cadas.<\/p><p>Junto a los ganaderos en 1984 crea la ADS Voltreg\u00e0, siendo pionera en el control de la PPA y un modelo de \u00e9xito en la mejora sanitaria de las explotaciones de porcino. Fue su veterinario responsable hasta el a\u00f1o 2009.<\/p>    <\/div>\n<\/div>\n<!-- \/module text -->        <\/div>\n                    <div  data-lazy=\"1\" class=\"module_column tb-column col4-2 tb_6iic218 last\">\n                    <!-- module text -->\n<div  class=\"module module-text tb_4i87105  repeat \" data-lazy=\"1\">\n        <div  class=\"tb_text_wrap\">\n        <p>Promueve la creaci\u00f3n del sindicato \u201cRamaders i Pagesos de Catalunya\u201d responsabiliz\u00e1ndose de la secci\u00f3n de porcino. Consigui\u00f3 la adhesi\u00f3n del 90% de los ganaderos del Voltreganes<br \/>Participa como ponente, en diferentes foros de dialogo agrario a nivel comarcal de Catalunya y Espa\u00f1a, difundiendo principalmente la importancia de la participaci\u00f3n y resposabilizaci\u00f3n de los ganaderos en la lucha sanitaria y la implementaci\u00f3n de sistemas objetivos e independientes de pesaje y clasificaci\u00f3n de las canales porcinas <br \/>Participa en la implantaci\u00f3n de la \u201cEscuela Familiar Agraria Quintanes\u201d dedicada a la formaci\u00f3n de futuros ganaderos, especialmente de sus hijos para garantizar la continuidad de las explotaciones familiares, aumentando la formaci\u00f3n y modernizaci\u00f3n del sector. Fue profesor a tiempo parcial y miembro del consejo de direcci\u00f3n de dicha escuela durante varios a\u00f1os<br \/>Siente un gran aprecio al reconocimiento del sector que le distingui\u00f3 con las siguientes placas conmemorativas:<\/p><ul><li>ADS Voltreg\u00e0<\/li><li>Ramaders i Pagesos de Catalunya<\/li><li>Veterinarios de la Comarca<\/li><li>Escuela Familiar Agraria de Quintanes<\/li><li>Caixa de Manlleu<\/li><\/ul><p>Asimismo a las distinciones Oficiales:<\/p><ul><li>1982 \u2013 Medalla del Merito Agricola, concedida por el Ministerio de Agricultura de Madrid<\/li><li>1983 \u2013 Medalla de la Agricultura Catalana, concedida por la Concelleria de Agricultura de la Generalitat de Catalunya.<\/li><li>1988 \u2013 Medalla de Homenaje del Colegio Ofical de Vetrinario de Barcelona, por su trayectoria profesional.<\/li><li>1997 \u2013 Medalla President Maci\u00e0, concedida por el Gobierno de la Generalitat.<\/li><\/ul><p>Broche de Oro, su esposa Nuria y nuestros cinco hijos; nobles, honrados, con preocupaci\u00f3n social y un gran respeto para los dem\u00e1s, una gran joya para mi.<\/p>    <\/div>\n<\/div>\n<!-- \/module text -->        <\/div>\n                        <\/div>\n        <\/div>\n        <\/div>\n<!--\/themify_builder_content-->","protected":false},"excerpt":{"rendered":"<p>FUNDADOR Joan Baucells Pujol Naci\u00f3 en Malla (Barcelona) 09 de Enero del 1923. Tras finalizar los estudios de Veterinaria en 1947 por la Facultad de Zaragoza, ejerci\u00f3 como titular en Sant Hip\u00f2lit de Voltreg\u00e0 a partir de 1948. El entorno de payes en el que se cri\u00f3 le forjo: humilde, pacifico pero trabajador, luchador, perfidioso, [&hellip;]<\/p>\n","protected":false},"author":1,"featured_media":0,"parent":0,"menu_order":4,"comment_status":"closed","ping_status":"closed","template":"","meta":{"inline_featured_image":false,"footnotes":""},"class_list":["post-2550","page","type-page","status-publish","hentry","has-post-title","has-post-date","has-post-category","has-post-tag","has-post-comment","has-post-author",""],"yoast_head":"<!-- This site is optimized with the Yoast SEO plugin v26.8 - https:\/\/yoast.com\/product\/yoast-seo-wordpress\/ -->\n<title>Balsa - Fundador - Joan Baucells Pujol<\/title>\n<meta name=\"description\" content=\"Joan Baucells Pujol Va n\u00e9ixer a Malla el 1923. Despr\u00e9s de finalitzar els estudis de veterin\u00e0ria va exercir com a titular a Sant Hip\u00f2lit de Voltreg\u00e0.\" \/>\n<meta name=\"robots\" content=\"index, follow, max-snippet:-1, max-image-preview:large, max-video-preview:-1\" \/>\n<link rel=\"canonical\" href=\"https:\/\/www.balsa.cat\/es\/fundador\/\" \/>\n<meta property=\"og:locale\" content=\"es_ES\" \/>\n<meta property=\"og:type\" content=\"article\" \/>\n<meta property=\"og:title\" content=\"Balsa - Fundador - Joan Baucells Pujol\" \/>\n<meta property=\"og:description\" content=\"Joan Baucells Pujol Va n\u00e9ixer a Malla el 1923. Despr\u00e9s de finalitzar els estudis de veterin\u00e0ria va exercir com a titular a Sant Hip\u00f2lit de Voltreg\u00e0.\" \/>\n<meta property=\"og:url\" content=\"https:\/\/www.balsa.cat\/es\/fundador\/\" \/>\n<meta property=\"og:site_name\" content=\"Balsa\" \/>\n<meta property=\"article:modified_time\" content=\"2019-06-07T14:49:28+00:00\" \/>\n<meta name=\"twitter:label1\" content=\"Tiempo de lectura\" \/>\n\t<meta name=\"twitter:data1\" content=\"3 minutos\" \/>\n<script type=\"application\/ld+json\" class=\"yoast-schema-graph\">{\"@context\":\"https:\/\/schema.org\",\"@graph\":[{\"@type\":\"WebPage\",\"@id\":\"https:\/\/www.balsa.cat\/es\/fundador\/\",\"url\":\"https:\/\/www.balsa.cat\/es\/fundador\/\",\"name\":\"Balsa - Fundador - Joan Baucells Pujol\",\"isPartOf\":{\"@id\":\"https:\/\/www.balsa.cat\/es\/#website\"},\"datePublished\":\"2015-01-20T15:19:23+00:00\",\"dateModified\":\"2019-06-07T14:49:28+00:00\",\"description\":\"Joan Baucells Pujol Va n\u00e9ixer a Malla el 1923. Despr\u00e9s de finalitzar els estudis de veterin\u00e0ria va exercir com a titular a Sant Hip\u00f2lit de Voltreg\u00e0.\",\"breadcrumb\":{\"@id\":\"https:\/\/www.balsa.cat\/es\/fundador\/#breadcrumb\"},\"inLanguage\":\"es\",\"potentialAction\":[{\"@type\":\"ReadAction\",\"target\":[\"https:\/\/www.balsa.cat\/es\/fundador\/\"]}]},{\"@type\":\"BreadcrumbList\",\"@id\":\"https:\/\/www.balsa.cat\/es\/fundador\/#breadcrumb\",\"itemListElement\":[{\"@type\":\"ListItem\",\"position\":1,\"name\":\"Inici\",\"item\":\"https:\/\/www.balsa.cat\/es\/\"},{\"@type\":\"ListItem\",\"position\":2,\"name\":\"Fundador\"}]},{\"@type\":\"WebSite\",\"@id\":\"https:\/\/www.balsa.cat\/es\/#website\",\"url\":\"https:\/\/www.balsa.cat\/es\/\",\"name\":\"Balsa\",\"description\":\"\",\"potentialAction\":[{\"@type\":\"SearchAction\",\"target\":{\"@type\":\"EntryPoint\",\"urlTemplate\":\"https:\/\/www.balsa.cat\/es\/?s={search_term_string}\"},\"query-input\":{\"@type\":\"PropertyValueSpecification\",\"valueRequired\":true,\"valueName\":\"search_term_string\"}}],\"inLanguage\":\"es\"}]}<\/script>\n<!-- \/ Yoast SEO plugin. -->","yoast_head_json":{"title":"Balsa - Fundador - Joan Baucells Pujol","description":"Joan Baucells Pujol Va n\u00e9ixer a Malla el 1923. Despr\u00e9s de finalitzar els estudis de veterin\u00e0ria va exercir com a titular a Sant Hip\u00f2lit de Voltreg\u00e0.","robots":{"index":"index","follow":"follow","max-snippet":"max-snippet:-1","max-image-preview":"max-image-preview:large","max-video-preview":"max-video-preview:-1"},"canonical":"https:\/\/www.balsa.cat\/es\/fundador\/","og_locale":"es_ES","og_type":"article","og_title":"Balsa - Fundador - Joan Baucells Pujol","og_description":"Joan Baucells Pujol Va n\u00e9ixer a Malla el 1923. Despr\u00e9s de finalitzar els estudis de veterin\u00e0ria va exercir com a titular a Sant Hip\u00f2lit de Voltreg\u00e0.","og_url":"https:\/\/www.balsa.cat\/es\/fundador\/","og_site_name":"Balsa","article_modified_time":"2019-06-07T14:49:28+00:00","twitter_misc":{"Tiempo de lectura":"3 minutos"},"schema":{"@context":"https:\/\/schema.org","@graph":[{"@type":"WebPage","@id":"https:\/\/www.balsa.cat\/es\/fundador\/","url":"https:\/\/www.balsa.cat\/es\/fundador\/","name":"Balsa - Fundador - Joan Baucells Pujol","isPartOf":{"@id":"https:\/\/www.balsa.cat\/es\/#website"},"datePublished":"2015-01-20T15:19:23+00:00","dateModified":"2019-06-07T14:49:28+00:00","description":"Joan Baucells Pujol Va n\u00e9ixer a Malla el 1923. Despr\u00e9s de finalitzar els estudis de veterin\u00e0ria va exercir com a titular a Sant Hip\u00f2lit de Voltreg\u00e0.","breadcrumb":{"@id":"https:\/\/www.balsa.cat\/es\/fundador\/#breadcrumb"},"inLanguage":"es","potentialAction":[{"@type":"ReadAction","target":["https:\/\/www.balsa.cat\/es\/fundador\/"]}]},{"@type":"BreadcrumbList","@id":"https:\/\/www.balsa.cat\/es\/fundador\/#breadcrumb","itemListElement":[{"@type":"ListItem","position":1,"name":"Inici","item":"https:\/\/www.balsa.cat\/es\/"},{"@type":"ListItem","position":2,"name":"Fundador"}]},{"@type":"WebSite","@id":"https:\/\/www.balsa.cat\/es\/#website","url":"https:\/\/www.balsa.cat\/es\/","name":"Balsa","description":"","potentialAction":[{"@type":"SearchAction","target":{"@type":"EntryPoint","urlTemplate":"https:\/\/www.balsa.cat\/es\/?s={search_term_string}"},"query-input":{"@type":"PropertyValueSpecification","valueRequired":true,"valueName":"search_term_string"}}],"inLanguage":"es"}]}},"builder_content":"<p>FUNDADOR<\/p>\n\n<h1>Joan Baucells Pujol<\/h1>\n\n<p>Naci\u00f3 en Malla (Barcelona) 09 de Enero del 1923. Tras finalizar los estudios de Veterinaria en 1947 por la Facultad de Zaragoza, ejerci\u00f3 como titular en Sant Hip\u00f2lit de Voltreg\u00e0 a partir de 1948.<\/p><p>El entorno de payes en el que se cri\u00f3 le forjo: humilde, pacifico pero trabajador, luchador, perfidioso, dif\u00edcil de abatir, y con gran afecto a la gente del mundo agrario.<\/p><p>Su objetivo principal fue luchar por la mejora social y econ\u00f3mica de la gente del campo. Dos premisas en su actuaci\u00f3n: no dar por perdida la batalla antes de luchar y actualizaci\u00f3n permanente de los conocimientos.<\/p><p>Consigue \u00e9xitos en algunas dolencias consideradas incurables en su entorno, entre ellas, la \u201cHematuria de los potros reci\u00e9n nacidos\u201d.<\/p><p>En la d\u00e9cada de los 60 considera la situaci\u00f3n econ\u00f3mica del sector porcino muy favorable a pesar de la amenaza de la PPA. Con las charlas y el ejemplo estimula el incremento de la producci\u00f3n porcina. R\u00e1pidamente el censo del los municipios del Voltreganes llega a m\u00e1s de 10.000 cerdas reproductoras con el engorde de unas 150.000 cabezas al a\u00f1o.<\/p><p>Colabora en la introducci\u00f3n de las razas gen\u00e9tica mejoradas Europeas. En 1974 junto con 127 ganaderos crean la granja de gen\u00e9tica \u201cLes Feixes\u201d con 1200 cerdas de raza pura Landrace que posteriormente cruzan con Large White, obteni\u00e9ndose cerdas de reposici\u00f3n de calidad para los socios.<\/p><p>La mejora gen\u00e9tica tiene unas exigencias nutritivas para poder aprovechar su potencial productivo. Joan Baucells se formo intensamente como nutricionista, iniciando en la comarca la suplementaci\u00f3n con vitaminas y microminerales para equilibrar las dietas del ganado.<\/p><p>Con su primo Ramon Baucells, crearon Pinsos Baucells SA, siendo responsable de la gesti\u00f3n t\u00e9cnica (sanidad, nutrici\u00f3n y producci\u00f3n). Busca una empresa ligera, competitiva y directa al ganadero. Su eslogan fue \u201cel \u00fanico pienso que se vende solo\u201d, por su calidad y precio, y sin necesidad de estructura comercial. Obtuvieron un r\u00e1pido crecimiento y fueron la empresa l\u00edder en su \u00e1rea durante d\u00e9cadas.<\/p><p>Junto a los ganaderos en 1984 crea la ADS Voltreg\u00e0, siendo pionera en el control de la PPA y un modelo de \u00e9xito en la mejora sanitaria de las explotaciones de porcino. Fue su veterinario responsable hasta el a\u00f1o 2009.<\/p>\n<p>Promueve la creaci\u00f3n del sindicato \u201cRamaders i Pagesos de Catalunya\u201d responsabiliz\u00e1ndose de la secci\u00f3n de porcino. Consigui\u00f3 la adhesi\u00f3n del 90% de los ganaderos del Voltreganes<br \/>Participa como ponente, en diferentes foros de dialogo agrario a nivel comarcal de Catalunya y Espa\u00f1a, difundiendo principalmente la importancia de la participaci\u00f3n y resposabilizaci\u00f3n de los ganaderos en la lucha sanitaria y la implementaci\u00f3n de sistemas objetivos e independientes de pesaje y clasificaci\u00f3n de las canales porcinas <br \/>Participa en la implantaci\u00f3n de la \u201cEscuela Familiar Agraria Quintanes\u201d dedicada a la formaci\u00f3n de futuros ganaderos, especialmente de sus hijos para garantizar la continuidad de las explotaciones familiares, aumentando la formaci\u00f3n y modernizaci\u00f3n del sector. Fue profesor a tiempo parcial y miembro del consejo de direcci\u00f3n de dicha escuela durante varios a\u00f1os<br \/>Siente un gran aprecio al reconocimiento del sector que le distingui\u00f3 con las siguientes placas conmemorativas:<\/p><ul><li>ADS Voltreg\u00e0<\/li><li>Ramaders i Pagesos de Catalunya<\/li><li>Veterinarios de la Comarca<\/li><li>Escuela Familiar Agraria de Quintanes<\/li><li>Caixa de Manlleu<\/li><\/ul><p>Asimismo a las distinciones Oficiales:<\/p><ul><li>1982 \u2013 Medalla del Merito Agricola, concedida por el Ministerio de Agricultura de Madrid<\/li><li>1983 \u2013 Medalla de la Agricultura Catalana, concedida por la Concelleria de Agricultura de la Generalitat de Catalunya.<\/li><li>1988 \u2013 Medalla de Homenaje del Colegio Ofical de Vetrinario de Barcelona, por su trayectoria profesional.<\/li><li>1997 \u2013 Medalla President Maci\u00e0, concedida por el Gobierno de la Generalitat.<\/li><\/ul><p>Broche de Oro, su esposa Nuria y nuestros cinco hijos; nobles, honrados, con preocupaci\u00f3n social y un gran respeto para los dem\u00e1s, una gran joya para mi.<\/p>","_links":{"self":[{"href":"https:\/\/www.balsa.cat\/es\/wp-json\/wp\/v2\/pages\/2550","targetHints":{"allow":["GET"]}}],"collection":[{"href":"https:\/\/www.balsa.cat\/es\/wp-json\/wp\/v2\/pages"}],"about":[{"href":"https:\/\/www.balsa.cat\/es\/wp-json\/wp\/v2\/types\/page"}],"author":[{"embeddable":true,"href":"https:\/\/www.balsa.cat\/es\/wp-json\/wp\/v2\/users\/1"}],"replies":[{"embeddable":true,"href":"https:\/\/www.balsa.cat\/es\/wp-json\/wp\/v2\/comments?post=2550"}],"version-history":[{"count":0,"href":"https:\/\/www.balsa.cat\/es\/wp-json\/wp\/v2\/pages\/2550\/revisions"}],"wp:attachment":[{"href":"https:\/\/www.balsa.cat\/es\/wp-json\/wp\/v2\/media?parent=2550"}],"curies":[{"name":"wp","href":"https:\/\/api.w.org\/{rel}","templated":true}]}}