{"id":2542,"date":"2015-01-20T15:19:07","date_gmt":"2015-01-20T15:19:07","guid":{"rendered":"http:\/\/www.balsa-cvv.com\/nutricio-2\/"},"modified":"2025-08-26T12:39:51","modified_gmt":"2025-08-26T10:39:51","slug":"nutricion","status":"publish","type":"page","link":"https:\/\/www.balsa.cat\/es\/nutricion\/","title":{"rendered":"Nutrici\u00f3n"},"content":{"rendered":"<!--themify_builder_content-->\n<div id=\"themify_builder_content-2542\" data-postid=\"2542\" class=\"themify_builder_content themify_builder_content-2542 themify_builder tf_clear\">\n                    <div  data-lazy=\"1\" class=\"module_row themify_builder_row tb_wfgi459 tb_first tf_w\">\n                        <div class=\"row_inner col_align_top tb_col_count_1 tf_box tf_rel\">\n                        <div  data-lazy=\"1\" class=\"module_column tb-column col-full tb_7e67465 first\">\n                    <!-- module text -->\n<div  class=\"module module-text tb_nd21466 tel  \" data-lazy=\"1\">\n        <div  class=\"tb_text_wrap\">\n        <p>NUTRICI\u00d3N<\/p>    <\/div>\n<\/div>\n<!-- \/module text --><!-- module divider -->\n<div  class=\"module tf_mw module-divider tb_4v5t466 solid   \" style=\"border-width: 1px;border-color: #99a551;margin-top: 0px;margin-bottom: 30px;\" data-lazy=\"1\">\n    <\/div>\n<!-- \/module divider -->\n        <\/div>\n                        <\/div>\n        <\/div>\n                        <div  data-lazy=\"1\" class=\"module_row themify_builder_row tb_2n9k459 tf_w\">\n                        <div class=\"row_inner col_align_top tb_col_count_3 tf_box tf_rel\">\n                        <div  data-lazy=\"1\" class=\"module_column tb-column col3-1 tb_cq9n467 first\">\n                    <!-- module image -->\n<div  class=\"module module-image tb_vxib467 image-top   tf_mw\" data-lazy=\"1\">\n        <div class=\"image-wrap tf_rel tf_mw\">\n            <img loading=\"lazy\" decoding=\"async\" src=\"https:\/\/www.balsa.cat\/wp-content\/uploads\/2018\/07\/Balsa-correctors.svg\" width=\"180\" height=\"180\" title=\"Nutrici\u00f3n\" alt=\"Nutrici\u00f3n\">    \n        <\/div>\n    <!-- \/image-wrap -->\n    \n        <\/div>\n<!-- \/module image --><!-- module divider -->\n<div  class=\"module tf_mw module-divider tb_lurv467 solid   \" style=\"border-width: 0px;border-color: #000000;\" data-lazy=\"1\">\n    <\/div>\n<!-- \/module divider -->\n<!-- module text -->\n<div  class=\"module module-text tb_brrs467   \" data-lazy=\"1\">\n        <div  class=\"tb_text_wrap\">\n        <h1>CORRECTORES<\/h1>\n    <\/div>\n<\/div>\n<!-- \/module text -->        <\/div>\n                    <div  data-lazy=\"1\" class=\"module_column tb-column col3-1 tb_uykw468\">\n                    <!-- module image -->\n<div  class=\"module module-image tb_om55468 image-top   tf_mw\" data-lazy=\"1\">\n        <div class=\"image-wrap tf_rel tf_mw\">\n            <img loading=\"lazy\" decoding=\"async\" src=\"https:\/\/www.balsa.cat\/wp-content\/uploads\/2018\/07\/Balsa-minerals.svg\" width=\"180\" height=\"180\" title=\"Nutrici\u00f3n\" alt=\"Nutrici\u00f3n\">    \n        <\/div>\n    <!-- \/image-wrap -->\n    \n        <\/div>\n<!-- \/module image --><!-- module divider -->\n<div  class=\"module tf_mw module-divider tb_armz468 solid   \" style=\"border-width: 0px;border-color: #000000;\" data-lazy=\"1\">\n    <\/div>\n<!-- \/module divider -->\n<!-- module text -->\n<div  class=\"module module-text tb_wjn1468   \" data-lazy=\"1\">\n        <div  class=\"tb_text_wrap\">\n        <h1>MINERALES<\/h1>    <\/div>\n<\/div>\n<!-- \/module text -->        <\/div>\n                    <div  data-lazy=\"1\" class=\"module_column tb-column col3-1 tb_qoa2468 last\">\n                            <\/div>\n                        <\/div>\n        <\/div>\n                        <div  data-lazy=\"1\" class=\"module_row themify_builder_row tb_bv6o459 tf_w\">\n                        <div class=\"row_inner col_align_top tb_col_count_1 tf_box tf_rel\">\n                        <div  data-lazy=\"1\" class=\"module_column tb-column col-full tb_12gh469 first\">\n                    <!-- module divider -->\n<div  class=\"module tf_mw module-divider tb_9yd9469 solid   \" style=\"border-width: 0px;border-color: #000000;margin-top: 20px;margin-bottom: 20px;\" data-lazy=\"1\">\n    <\/div>\n<!-- \/module divider -->\n<!-- module text -->\n<div  class=\"module module-text tb_bba0470   \" data-lazy=\"1\">\n        <div  class=\"tb_text_wrap\">\n        <ul>\n<li>Fabricaci\u00f3n de premezclas vitam\u00ednicas-minerales y piensos complementarios para todas las especies animales<\/li>\n<li>Formulaciones personalizadas: flexibilidad, proximidad, rapidez<\/li>\n<li><span class=\"A4\"><span lang=\"ES\">Adsorci\u00f3n de l\u00edquido a s\u00f3lido<\/span><\/span><\/li>\n<li>Servicios de nutrici\u00f3n<\/li>\n<li>Calidad y seguridad alimentaria. <a href=\"https:\/\/www.balsa.cat\/wp-content\/uploads\/2025\/08\/FAMI_QS-ENG-C610872-7-20250707.pdf\" target=\"_blank\" rel=\"noopener\">Registro FAMI-QS<\/a><\/li>\n<li>Fabricaci\u00f3n para terceros<\/li>\n<li>Fabricaci\u00f3n de productos ecol\u00f3gicos <a href=\"https:\/\/www.balsa.cat\/wp-content\/uploads\/2019\/07\/20190625-CT_5767.pdf\" target=\"_blank\" rel=\"noopener\">(CCPAE)<\/a><\/li>\n<\/ul>    <\/div>\n<\/div>\n<!-- \/module text -->        <\/div>\n                        <\/div>\n        <\/div>\n                        <div  data-lazy=\"1\" class=\"module_row themify_builder_row tb_7l0b459 tf_w\">\n                        <div class=\"row_inner col_align_top tb_col_count_1 tf_box tf_rel\">\n                        <div  data-lazy=\"1\" class=\"module_column tb-column col-full tb_nbxc470 first\">\n                    <!-- module divider -->\n<div  class=\"module tf_mw module-divider tb_j86f470 solid   \" style=\"border-width: 0px;border-color: #000000;margin-top: 20px;margin-bottom: 20px;\" data-lazy=\"1\">\n    <\/div>\n<!-- \/module divider -->\n<!-- module video -->\n<div  class=\"module module-video tb_ksg4470 video-top  \" data-lazy=\"1\">\n                    <div class=\"video-wrap-outer\" style=\"max-width:100%\">\n            <div class=\"video-wrap tf_rel tf_overflow\">\n                                    <noscript><iframe data-no-script src=\"https:\/\/www.youtube.com\/embed\/B8Pg7E5gy2s?pip=1&playsinline=1\" allow=\"accelerometer;encrypted-media;gyroscope;picture-in-picture;fullscreen\" class=\"tf_abs tf_w tf_h\"><\/iframe><\/noscript>\n                                <\/div>\n            <!-- \/video-wrap -->\n        <\/div>\n        <!-- \/video-wrap-outer -->\n            <\/div>\n        <\/div>\n                        <\/div>\n        <\/div>\n        <\/div>\n<!--\/themify_builder_content-->","protected":false},"excerpt":{"rendered":"<p>NUTRICI\u00d3N<\/p>\n","protected":false},"author":1,"featured_media":0,"parent":0,"menu_order":3,"comment_status":"closed","ping_status":"closed","template":"","meta":{"inline_featured_image":false,"footnotes":""},"class_list":["post-2542","page","type-page","status-publish","hentry","has-post-title","has-post-date","has-post-category","has-post-tag","has-post-comment","has-post-author",""],"yoast_head":"<!-- This site is optimized with the Yoast SEO plugin v26.8 - https:\/\/yoast.com\/product\/yoast-seo-wordpress\/ -->\n<title>Balsa - Nutrici\u00f3<\/title>\n<meta name=\"description\" content=\"Nutrici\u00f3 animal: Correctors i Minerals\" \/>\n<meta name=\"robots\" content=\"index, follow, max-snippet:-1, max-image-preview:large, max-video-preview:-1\" \/>\n<link rel=\"canonical\" href=\"https:\/\/www.balsa.cat\/es\/nutricion\/\" \/>\n<meta property=\"og:locale\" content=\"es_ES\" \/>\n<meta property=\"og:type\" content=\"article\" \/>\n<meta property=\"og:title\" content=\"Balsa - Nutrici\u00f3\" \/>\n<meta property=\"og:description\" content=\"Nutrici\u00f3 animal: Correctors i Minerals\" \/>\n<meta property=\"og:url\" content=\"https:\/\/www.balsa.cat\/es\/nutricion\/\" \/>\n<meta property=\"og:site_name\" content=\"Balsa\" \/>\n<meta property=\"article:modified_time\" content=\"2025-08-26T10:39:51+00:00\" \/>\n<meta property=\"og:image\" content=\"https:\/\/www.balsa.cat\/wp-content\/uploads\/2018\/07\/Balsa-correctors.svg\" \/>\n<meta name=\"twitter:label1\" content=\"Tiempo de lectura\" \/>\n\t<meta name=\"twitter:data1\" content=\"2 minutos\" \/>\n<script type=\"application\/ld+json\" class=\"yoast-schema-graph\">{\"@context\":\"https:\/\/schema.org\",\"@graph\":[{\"@type\":\"WebPage\",\"@id\":\"https:\/\/www.balsa.cat\/es\/nutricion\/\",\"url\":\"https:\/\/www.balsa.cat\/es\/nutricion\/\",\"name\":\"Balsa - Nutrici\u00f3\",\"isPartOf\":{\"@id\":\"https:\/\/www.balsa.cat\/es\/#website\"},\"primaryImageOfPage\":{\"@id\":\"https:\/\/www.balsa.cat\/es\/nutricion\/#primaryimage\"},\"image\":{\"@id\":\"https:\/\/www.balsa.cat\/es\/nutricion\/#primaryimage\"},\"thumbnailUrl\":\"https:\/\/www.balsa.cat\/wp-content\/uploads\/2018\/07\/Balsa-correctors.svg\",\"datePublished\":\"2015-01-20T15:19:07+00:00\",\"dateModified\":\"2025-08-26T10:39:51+00:00\",\"description\":\"Nutrici\u00f3 animal: Correctors i Minerals\",\"breadcrumb\":{\"@id\":\"https:\/\/www.balsa.cat\/es\/nutricion\/#breadcrumb\"},\"inLanguage\":\"es\",\"potentialAction\":[{\"@type\":\"ReadAction\",\"target\":[\"https:\/\/www.balsa.cat\/es\/nutricion\/\"]}]},{\"@type\":\"ImageObject\",\"inLanguage\":\"es\",\"@id\":\"https:\/\/www.balsa.cat\/es\/nutricion\/#primaryimage\",\"url\":\"https:\/\/www.balsa.cat\/wp-content\/uploads\/2018\/07\/Balsa-correctors.svg\",\"contentUrl\":\"https:\/\/www.balsa.cat\/wp-content\/uploads\/2018\/07\/Balsa-correctors.svg\"},{\"@type\":\"BreadcrumbList\",\"@id\":\"https:\/\/www.balsa.cat\/es\/nutricion\/#breadcrumb\",\"itemListElement\":[{\"@type\":\"ListItem\",\"position\":1,\"name\":\"Inici\",\"item\":\"https:\/\/www.balsa.cat\/es\/\"},{\"@type\":\"ListItem\",\"position\":2,\"name\":\"Nutrici\u00f3n\"}]},{\"@type\":\"WebSite\",\"@id\":\"https:\/\/www.balsa.cat\/es\/#website\",\"url\":\"https:\/\/www.balsa.cat\/es\/\",\"name\":\"Balsa\",\"description\":\"\",\"potentialAction\":[{\"@type\":\"SearchAction\",\"target\":{\"@type\":\"EntryPoint\",\"urlTemplate\":\"https:\/\/www.balsa.cat\/es\/?s={search_term_string}\"},\"query-input\":{\"@type\":\"PropertyValueSpecification\",\"valueRequired\":true,\"valueName\":\"search_term_string\"}}],\"inLanguage\":\"es\"}]}<\/script>\n<!-- \/ Yoast SEO plugin. -->","yoast_head_json":{"title":"Balsa - Nutrici\u00f3","description":"Nutrici\u00f3 animal: Correctors i Minerals","robots":{"index":"index","follow":"follow","max-snippet":"max-snippet:-1","max-image-preview":"max-image-preview:large","max-video-preview":"max-video-preview:-1"},"canonical":"https:\/\/www.balsa.cat\/es\/nutricion\/","og_locale":"es_ES","og_type":"article","og_title":"Balsa - Nutrici\u00f3","og_description":"Nutrici\u00f3 animal: Correctors i Minerals","og_url":"https:\/\/www.balsa.cat\/es\/nutricion\/","og_site_name":"Balsa","article_modified_time":"2025-08-26T10:39:51+00:00","og_image":[{"url":"https:\/\/www.balsa.cat\/wp-content\/uploads\/2018\/07\/Balsa-correctors.svg","type":"","width":"","height":""}],"twitter_misc":{"Tiempo de lectura":"2 minutos"},"schema":{"@context":"https:\/\/schema.org","@graph":[{"@type":"WebPage","@id":"https:\/\/www.balsa.cat\/es\/nutricion\/","url":"https:\/\/www.balsa.cat\/es\/nutricion\/","name":"Balsa - Nutrici\u00f3","isPartOf":{"@id":"https:\/\/www.balsa.cat\/es\/#website"},"primaryImageOfPage":{"@id":"https:\/\/www.balsa.cat\/es\/nutricion\/#primaryimage"},"image":{"@id":"https:\/\/www.balsa.cat\/es\/nutricion\/#primaryimage"},"thumbnailUrl":"https:\/\/www.balsa.cat\/wp-content\/uploads\/2018\/07\/Balsa-correctors.svg","datePublished":"2015-01-20T15:19:07+00:00","dateModified":"2025-08-26T10:39:51+00:00","description":"Nutrici\u00f3 animal: Correctors i Minerals","breadcrumb":{"@id":"https:\/\/www.balsa.cat\/es\/nutricion\/#breadcrumb"},"inLanguage":"es","potentialAction":[{"@type":"ReadAction","target":["https:\/\/www.balsa.cat\/es\/nutricion\/"]}]},{"@type":"ImageObject","inLanguage":"es","@id":"https:\/\/www.balsa.cat\/es\/nutricion\/#primaryimage","url":"https:\/\/www.balsa.cat\/wp-content\/uploads\/2018\/07\/Balsa-correctors.svg","contentUrl":"https:\/\/www.balsa.cat\/wp-content\/uploads\/2018\/07\/Balsa-correctors.svg"},{"@type":"BreadcrumbList","@id":"https:\/\/www.balsa.cat\/es\/nutricion\/#breadcrumb","itemListElement":[{"@type":"ListItem","position":1,"name":"Inici","item":"https:\/\/www.balsa.cat\/es\/"},{"@type":"ListItem","position":2,"name":"Nutrici\u00f3n"}]},{"@type":"WebSite","@id":"https:\/\/www.balsa.cat\/es\/#website","url":"https:\/\/www.balsa.cat\/es\/","name":"Balsa","description":"","potentialAction":[{"@type":"SearchAction","target":{"@type":"EntryPoint","urlTemplate":"https:\/\/www.balsa.cat\/es\/?s={search_term_string}"},"query-input":{"@type":"PropertyValueSpecification","valueRequired":true,"valueName":"search_term_string"}}],"inLanguage":"es"}]}},"builder_content":"<p>NUTRICI\u00d3N<\/p>\n\n<img src=\"https:\/\/www.balsa.cat\/wp-content\/uploads\/2018\/07\/Balsa-correctors.svg\" width=\"180\" height=\"180\" title=\"Nutrici\u00f3n\" alt=\"Nutrici\u00f3n\">\n\n<h1>CORRECTORES<\/h1>\n<img src=\"https:\/\/www.balsa.cat\/wp-content\/uploads\/2018\/07\/Balsa-minerals.svg\" width=\"180\" height=\"180\" title=\"Nutrici\u00f3n\" alt=\"Nutrici\u00f3n\">\n\n<h1>MINERALES<\/h1>\n\n<ul> <li>Fabricaci\u00f3n de premezclas vitam\u00ednicas-minerales y piensos complementarios para todas las especies animales<\/li> <li>Formulaciones personalizadas: flexibilidad, proximidad, rapidez<\/li> <li>Adsorci\u00f3n de l\u00edquido a s\u00f3lido<\/li> <li>Servicios de nutrici\u00f3n<\/li> <li>Calidad y seguridad alimentaria. <a href=\"https:\/\/www.balsa.cat\/wp-content\/uploads\/2025\/08\/FAMI_QS-ENG-C610872-7-20250707.pdf\" target=\"_blank\" rel=\"noopener\">Registro FAMI-QS<\/a><\/li> <li>Fabricaci\u00f3n para terceros<\/li> <li>Fabricaci\u00f3n de productos ecol\u00f3gicos <a href=\"https:\/\/www.balsa.cat\/wp-content\/uploads\/2019\/07\/20190625-CT_5767.pdf\" target=\"_blank\" rel=\"noopener\">(CCPAE)<\/a><\/li> <\/ul>\n\n[embed]https:\/\/www.youtube.com\/watch?v=B8Pg7E5gy2s[\/embed]","_links":{"self":[{"href":"https:\/\/www.balsa.cat\/es\/wp-json\/wp\/v2\/pages\/2542","targetHints":{"allow":["GET"]}}],"collection":[{"href":"https:\/\/www.balsa.cat\/es\/wp-json\/wp\/v2\/pages"}],"about":[{"href":"https:\/\/www.balsa.cat\/es\/wp-json\/wp\/v2\/types\/page"}],"author":[{"embeddable":true,"href":"https:\/\/www.balsa.cat\/es\/wp-json\/wp\/v2\/users\/1"}],"replies":[{"embeddable":true,"href":"https:\/\/www.balsa.cat\/es\/wp-json\/wp\/v2\/comments?post=2542"}],"version-history":[{"count":10,"href":"https:\/\/www.balsa.cat\/es\/wp-json\/wp\/v2\/pages\/2542\/revisions"}],"predecessor-version":[{"id":3289,"href":"https:\/\/www.balsa.cat\/es\/wp-json\/wp\/v2\/pages\/2542\/revisions\/3289"}],"wp:attachment":[{"href":"https:\/\/www.balsa.cat\/es\/wp-json\/wp\/v2\/media?parent=2542"}],"curies":[{"name":"wp","href":"https:\/\/api.w.org\/{rel}","templated":true}]}}