{"id":2537,"date":"2015-01-20T15:18:51","date_gmt":"2015-01-20T15:18:51","guid":{"rendered":"http:\/\/www.balsa-cvv.com\/veterinaria-2\/"},"modified":"2019-06-07T14:46:11","modified_gmt":"2019-06-07T14:46:11","slug":"veterinaria","status":"publish","type":"page","link":"https:\/\/www.balsa.cat\/es\/veterinaria\/","title":{"rendered":"Veterinaria"},"content":{"rendered":"<!--themify_builder_content-->\n<div id=\"themify_builder_content-2537\" data-postid=\"2537\" class=\"themify_builder_content themify_builder_content-2537 themify_builder tf_clear\">\n                    <div  data-lazy=\"1\" class=\"module_row themify_builder_row tb_djz3398 tb_first tf_w\">\n                        <div class=\"row_inner col_align_top tb_col_count_1 tf_box tf_rel\">\n                        <div  data-lazy=\"1\" class=\"module_column tb-column col-full tb_mhx4880 first\">\n                    <!-- module text -->\n<div  class=\"module module-text tb_2td3002 tel repeat \" data-lazy=\"1\">\n        <div  class=\"tb_text_wrap\">\n        <p>VETERINARIA<\/p>    <\/div>\n<\/div>\n<!-- \/module text --><!-- module divider -->\n<div  class=\"module tf_mw module-divider tb_a1cs889 solid   \" style=\"border-width: 1px;border-color: #99a551;margin-top: 0px;margin-bottom: 30px;\" data-lazy=\"1\">\n    <\/div>\n<!-- \/module divider -->\n        <\/div>\n                        <\/div>\n        <\/div>\n                        <div  data-lazy=\"1\" class=\"module_row themify_builder_row tb_p6kc899 tf_w\">\n                        <div class=\"row_inner col_align_top tb_col_count_3 tf_box tf_rel\">\n                        <div  data-lazy=\"1\" class=\"module_column tb-column col3-1 tb_7t15800 first\">\n                    <!-- module image -->\n<div  class=\"module module-image tb_btfd924 image-top   tf_mw\" data-lazy=\"1\">\n        <div class=\"image-wrap tf_rel tf_mw\">\n            <img loading=\"lazy\" decoding=\"async\" src=\"http:\/\/www.balsa.cat\/wp-content\/uploads\/2018\/07\/Balsa-porci-OK.svg\" width=\"180\" height=\"180\" title=\"Veterinaria\" alt=\"Veterinaria\">    \n        <\/div>\n    <!-- \/image-wrap -->\n    \n        <\/div>\n<!-- \/module image --><!-- module divider -->\n<div  class=\"module tf_mw module-divider tb_c71n086 solid   \" style=\"border-width: 0px;border-color: #000000;\" data-lazy=\"1\">\n    <\/div>\n<!-- \/module divider -->\n<!-- module text -->\n<div  class=\"module module-text tb_r1q3288  repeat \" data-lazy=\"1\">\n        <div  class=\"tb_text_wrap\">\n        <h1>PORCINO<\/h1>\n<p>Vacunaciones<br \/>\nEcograf\u00edas<br \/>\nCl\u00ednica<br \/>\nServei de nutrici\u00f3n<br \/>\nControl y seguimiento t\u00e9cnico de explotaciones<br \/>\nControl reproductivo inform\u00e1tico<\/p>\n    <\/div>\n<\/div>\n<!-- \/module text -->        <\/div>\n                    <div  data-lazy=\"1\" class=\"module_column tb-column col3-1 tb_vwoq999\">\n                    <!-- module image -->\n<div  class=\"module module-image tb_ez9p000 image-top   tf_mw\" data-lazy=\"1\">\n        <div class=\"image-wrap tf_rel tf_mw\">\n            <img loading=\"lazy\" decoding=\"async\" src=\"http:\/\/www.balsa.cat\/wp-content\/uploads\/2018\/07\/Balsa-bovi-OK.svg\" width=\"180\" height=\"180\" title=\"Veterinaria\" alt=\"Veterinaria\">    \n        <\/div>\n    <!-- \/image-wrap -->\n    \n        <\/div>\n<!-- \/module image --><!-- module divider -->\n<div  class=\"module tf_mw module-divider tb_i892890 solid   \" style=\"border-width: 0px;border-color: #000000;\" data-lazy=\"1\">\n    <\/div>\n<!-- \/module divider -->\n<!-- module text -->\n<div  class=\"module module-text tb_io3l094  repeat \" data-lazy=\"1\">\n        <div  class=\"tb_text_wrap\">\n        <h1>BOVINO<\/h1>\n<p>Saneamiento y vacunaciones<br \/>\nControl reproductivo<br \/>\nCl\u00ednica y cirug\u00eda<br \/>\nServei de nutrici\u00f3n<br \/>\nControl de mamitis<br \/>\nGesti\u00f3n ganadera<br \/>\nTramitaci\u00f3n DARP<br \/>\nEntrada datos<\/p>\n    <\/div>\n<\/div>\n<!-- \/module text -->        <\/div>\n                    <div  data-lazy=\"1\" class=\"module_column tb-column col3-1 tb_darx208 last\">\n                    <!-- module image -->\n<div  class=\"module module-image tb_jsy5080 image-top   tf_mw\" data-lazy=\"1\">\n        <div class=\"image-wrap tf_rel tf_mw\">\n            <img loading=\"lazy\" decoding=\"async\" src=\"http:\/\/www.balsa.cat\/wp-content\/uploads\/2018\/07\/Balsa-botiga-OK.svg\" width=\"180\" height=\"180\" title=\"Veterinaria\" alt=\"Veterinaria\">    \n        <\/div>\n    <!-- \/image-wrap -->\n    \n        <\/div>\n<!-- \/module image --><!-- module divider -->\n<div  class=\"module tf_mw module-divider tb_05l9980 solid   \" style=\"border-width: 0px;border-color: #000000;\" data-lazy=\"1\">\n    <\/div>\n<!-- \/module divider -->\n<!-- module text -->\n<div  class=\"module module-text tb_qnvf012  repeat \" data-lazy=\"1\">\n        <div  class=\"tb_text_wrap\">\n        <h1>TIENDA ESPECIALIZADA<\/h1>\n<p>Farmacia veterinaria<br \/>\nMaterial de granja<br \/>\nArt\u00edculos de seguridad laboral<br \/>\nPiensos para lechones marca propia<\/p>\n    <\/div>\n<\/div>\n<!-- \/module text -->        <\/div>\n                        <\/div>\n        <\/div>\n        <\/div>\n<!--\/themify_builder_content-->","protected":false},"excerpt":{"rendered":"<p>VETERINARIA PORCINO Vacunaciones Ecograf\u00edas Cl\u00ednica Servei de nutrici\u00f3n Control y seguimiento t\u00e9cnico de explotaciones Control reproductivo inform\u00e1tico BOVINO Saneamiento y vacunaciones Control reproductivo Cl\u00ednica y cirug\u00eda Servei de nutrici\u00f3n Control de mamitis Gesti\u00f3n ganadera Tramitaci\u00f3n DARP Entrada datos TIENDA ESPECIALIZADA Farmacia veterinaria Material de granja Art\u00edculos de seguridad laboral Piensos para lechones marca propia<\/p>\n","protected":false},"author":1,"featured_media":0,"parent":0,"menu_order":2,"comment_status":"closed","ping_status":"closed","template":"","meta":{"inline_featured_image":false,"footnotes":""},"class_list":["post-2537","page","type-page","status-publish","hentry","has-post-title","has-post-date","has-post-category","has-post-tag","has-post-comment","has-post-author",""],"yoast_head":"<!-- This site is optimized with the Yoast SEO plugin v26.8 - https:\/\/yoast.com\/product\/yoast-seo-wordpress\/ -->\n<title>Balsa - Veterin\u00e0ria<\/title>\n<meta name=\"description\" content=\"Veterin\u00e0ria de porc\u00ed, bov\u00ed i altres animals.\" \/>\n<meta name=\"robots\" content=\"index, follow, max-snippet:-1, max-image-preview:large, max-video-preview:-1\" \/>\n<link rel=\"canonical\" href=\"https:\/\/www.balsa.cat\/es\/veterinaria\/\" \/>\n<meta property=\"og:locale\" content=\"es_ES\" \/>\n<meta property=\"og:type\" content=\"article\" \/>\n<meta property=\"og:title\" content=\"Balsa - Veterin\u00e0ria\" \/>\n<meta property=\"og:description\" content=\"Veterin\u00e0ria de porc\u00ed, bov\u00ed i altres animals.\" \/>\n<meta property=\"og:url\" content=\"https:\/\/www.balsa.cat\/es\/veterinaria\/\" \/>\n<meta property=\"og:site_name\" content=\"Balsa\" \/>\n<meta property=\"article:modified_time\" content=\"2019-06-07T14:46:11+00:00\" \/>\n<meta property=\"og:image\" content=\"http:\/\/www.balsa.cat\/wp-content\/uploads\/2018\/07\/Balsa-porci-OK.svg\" \/>\n<script type=\"application\/ld+json\" class=\"yoast-schema-graph\">{\"@context\":\"https:\/\/schema.org\",\"@graph\":[{\"@type\":\"WebPage\",\"@id\":\"https:\/\/www.balsa.cat\/es\/veterinaria\/\",\"url\":\"https:\/\/www.balsa.cat\/es\/veterinaria\/\",\"name\":\"Balsa - Veterin\u00e0ria\",\"isPartOf\":{\"@id\":\"https:\/\/www.balsa.cat\/es\/#website\"},\"primaryImageOfPage\":{\"@id\":\"https:\/\/www.balsa.cat\/es\/veterinaria\/#primaryimage\"},\"image\":{\"@id\":\"https:\/\/www.balsa.cat\/es\/veterinaria\/#primaryimage\"},\"thumbnailUrl\":\"http:\/\/www.balsa.cat\/wp-content\/uploads\/2018\/07\/Balsa-porci-OK.svg\",\"datePublished\":\"2015-01-20T15:18:51+00:00\",\"dateModified\":\"2019-06-07T14:46:11+00:00\",\"description\":\"Veterin\u00e0ria de porc\u00ed, bov\u00ed i altres animals.\",\"breadcrumb\":{\"@id\":\"https:\/\/www.balsa.cat\/es\/veterinaria\/#breadcrumb\"},\"inLanguage\":\"es\",\"potentialAction\":[{\"@type\":\"ReadAction\",\"target\":[\"https:\/\/www.balsa.cat\/es\/veterinaria\/\"]}]},{\"@type\":\"ImageObject\",\"inLanguage\":\"es\",\"@id\":\"https:\/\/www.balsa.cat\/es\/veterinaria\/#primaryimage\",\"url\":\"http:\/\/www.balsa.cat\/wp-content\/uploads\/2018\/07\/Balsa-porci-OK.svg\",\"contentUrl\":\"http:\/\/www.balsa.cat\/wp-content\/uploads\/2018\/07\/Balsa-porci-OK.svg\"},{\"@type\":\"BreadcrumbList\",\"@id\":\"https:\/\/www.balsa.cat\/es\/veterinaria\/#breadcrumb\",\"itemListElement\":[{\"@type\":\"ListItem\",\"position\":1,\"name\":\"Inici\",\"item\":\"https:\/\/www.balsa.cat\/es\/\"},{\"@type\":\"ListItem\",\"position\":2,\"name\":\"Veterinaria\"}]},{\"@type\":\"WebSite\",\"@id\":\"https:\/\/www.balsa.cat\/es\/#website\",\"url\":\"https:\/\/www.balsa.cat\/es\/\",\"name\":\"Balsa\",\"description\":\"\",\"potentialAction\":[{\"@type\":\"SearchAction\",\"target\":{\"@type\":\"EntryPoint\",\"urlTemplate\":\"https:\/\/www.balsa.cat\/es\/?s={search_term_string}\"},\"query-input\":{\"@type\":\"PropertyValueSpecification\",\"valueRequired\":true,\"valueName\":\"search_term_string\"}}],\"inLanguage\":\"es\"}]}<\/script>\n<!-- \/ Yoast SEO plugin. -->","yoast_head_json":{"title":"Balsa - Veterin\u00e0ria","description":"Veterin\u00e0ria de porc\u00ed, bov\u00ed i altres animals.","robots":{"index":"index","follow":"follow","max-snippet":"max-snippet:-1","max-image-preview":"max-image-preview:large","max-video-preview":"max-video-preview:-1"},"canonical":"https:\/\/www.balsa.cat\/es\/veterinaria\/","og_locale":"es_ES","og_type":"article","og_title":"Balsa - Veterin\u00e0ria","og_description":"Veterin\u00e0ria de porc\u00ed, bov\u00ed i altres animals.","og_url":"https:\/\/www.balsa.cat\/es\/veterinaria\/","og_site_name":"Balsa","article_modified_time":"2019-06-07T14:46:11+00:00","og_image":[{"url":"http:\/\/www.balsa.cat\/wp-content\/uploads\/2018\/07\/Balsa-porci-OK.svg","type":"","width":"","height":""}],"schema":{"@context":"https:\/\/schema.org","@graph":[{"@type":"WebPage","@id":"https:\/\/www.balsa.cat\/es\/veterinaria\/","url":"https:\/\/www.balsa.cat\/es\/veterinaria\/","name":"Balsa - Veterin\u00e0ria","isPartOf":{"@id":"https:\/\/www.balsa.cat\/es\/#website"},"primaryImageOfPage":{"@id":"https:\/\/www.balsa.cat\/es\/veterinaria\/#primaryimage"},"image":{"@id":"https:\/\/www.balsa.cat\/es\/veterinaria\/#primaryimage"},"thumbnailUrl":"http:\/\/www.balsa.cat\/wp-content\/uploads\/2018\/07\/Balsa-porci-OK.svg","datePublished":"2015-01-20T15:18:51+00:00","dateModified":"2019-06-07T14:46:11+00:00","description":"Veterin\u00e0ria de porc\u00ed, bov\u00ed i altres animals.","breadcrumb":{"@id":"https:\/\/www.balsa.cat\/es\/veterinaria\/#breadcrumb"},"inLanguage":"es","potentialAction":[{"@type":"ReadAction","target":["https:\/\/www.balsa.cat\/es\/veterinaria\/"]}]},{"@type":"ImageObject","inLanguage":"es","@id":"https:\/\/www.balsa.cat\/es\/veterinaria\/#primaryimage","url":"http:\/\/www.balsa.cat\/wp-content\/uploads\/2018\/07\/Balsa-porci-OK.svg","contentUrl":"http:\/\/www.balsa.cat\/wp-content\/uploads\/2018\/07\/Balsa-porci-OK.svg"},{"@type":"BreadcrumbList","@id":"https:\/\/www.balsa.cat\/es\/veterinaria\/#breadcrumb","itemListElement":[{"@type":"ListItem","position":1,"name":"Inici","item":"https:\/\/www.balsa.cat\/es\/"},{"@type":"ListItem","position":2,"name":"Veterinaria"}]},{"@type":"WebSite","@id":"https:\/\/www.balsa.cat\/es\/#website","url":"https:\/\/www.balsa.cat\/es\/","name":"Balsa","description":"","potentialAction":[{"@type":"SearchAction","target":{"@type":"EntryPoint","urlTemplate":"https:\/\/www.balsa.cat\/es\/?s={search_term_string}"},"query-input":{"@type":"PropertyValueSpecification","valueRequired":true,"valueName":"search_term_string"}}],"inLanguage":"es"}]}},"builder_content":"<p>VETERINARIA<\/p>\n\n<img src=\"http:\/\/www.balsa.cat\/wp-content\/uploads\/2018\/07\/Balsa-porci-OK.svg\" width=\"180\" height=\"180\" title=\"Veterinaria\" alt=\"Veterinaria\">\n\n<h1>PORCINO<\/h1> <p>Vacunaciones<br \/> Ecograf\u00edas<br \/> Cl\u00ednica<br \/> Servei de nutrici\u00f3n<br \/> Control y seguimiento t\u00e9cnico de explotaciones<br \/> Control reproductivo inform\u00e1tico<\/p>\n<img src=\"http:\/\/www.balsa.cat\/wp-content\/uploads\/2018\/07\/Balsa-bovi-OK.svg\" width=\"180\" height=\"180\" title=\"Veterinaria\" alt=\"Veterinaria\">\n\n<h1>BOVINO<\/h1> <p>Saneamiento y vacunaciones<br \/> Control reproductivo<br \/> Cl\u00ednica y cirug\u00eda<br \/> Servei de nutrici\u00f3n<br \/> Control de mamitis<br \/> Gesti\u00f3n ganadera<br \/> Tramitaci\u00f3n DARP<br \/> Entrada datos<\/p>\n<img src=\"http:\/\/www.balsa.cat\/wp-content\/uploads\/2018\/07\/Balsa-botiga-OK.svg\" width=\"180\" height=\"180\" title=\"Veterinaria\" alt=\"Veterinaria\">\n\n<h1>TIENDA ESPECIALIZADA<\/h1> <p>Farmacia veterinaria<br \/> Material de granja<br \/> Art\u00edculos de seguridad laboral<br \/> Piensos para lechones marca propia<\/p>","_links":{"self":[{"href":"https:\/\/www.balsa.cat\/es\/wp-json\/wp\/v2\/pages\/2537","targetHints":{"allow":["GET"]}}],"collection":[{"href":"https:\/\/www.balsa.cat\/es\/wp-json\/wp\/v2\/pages"}],"about":[{"href":"https:\/\/www.balsa.cat\/es\/wp-json\/wp\/v2\/types\/page"}],"author":[{"embeddable":true,"href":"https:\/\/www.balsa.cat\/es\/wp-json\/wp\/v2\/users\/1"}],"replies":[{"embeddable":true,"href":"https:\/\/www.balsa.cat\/es\/wp-json\/wp\/v2\/comments?post=2537"}],"version-history":[{"count":0,"href":"https:\/\/www.balsa.cat\/es\/wp-json\/wp\/v2\/pages\/2537\/revisions"}],"wp:attachment":[{"href":"https:\/\/www.balsa.cat\/es\/wp-json\/wp\/v2\/media?parent=2537"}],"curies":[{"name":"wp","href":"https:\/\/api.w.org\/{rel}","templated":true}]}}