{"id":2529,"date":"2015-01-20T15:18:17","date_gmt":"2015-01-20T15:18:17","guid":{"rendered":"http:\/\/www.balsa-cvv.com\/inici-3\/"},"modified":"2022-12-08T12:29:09","modified_gmt":"2022-12-08T11:29:09","slug":"inici","status":"publish","type":"page","link":"https:\/\/www.balsa.cat\/es\/","title":{"rendered":"Inicio"},"content":{"rendered":"<!--themify_builder_content-->\n<div id=\"themify_builder_content-2529\" data-postid=\"2529\" class=\"themify_builder_content themify_builder_content-2529 themify_builder tf_clear\">\n                    <div  data-lazy=\"1\" class=\"module_row themify_builder_row tb_1m08837 tb_first tf_w\">\n                        <div class=\"row_inner col_align_top tb_col_count_1 tf_box tf_rel\">\n                        <div  data-lazy=\"1\" class=\"module_column tb-column col-full tb_jfil838 first\">\n                    <!-- module text -->\n<div  class=\"module module-text tb_lcda839 tel repeat \" data-lazy=\"1\">\n        <div  class=\"tb_text_wrap\">\n        <p>T. 93 850 27 43<\/p>    <\/div>\n<\/div>\n<!-- \/module text --><!-- module divider -->\n<div  class=\"module tf_mw module-divider tb_k63a839 solid   \" style=\"border-width: 1px;border-color: #99a551;margin-top: 0px;margin-bottom: 30px;\" data-lazy=\"1\">\n    <\/div>\n<!-- \/module divider -->\n        <\/div>\n                        <\/div>\n        <\/div>\n                        <div  data-lazy=\"1\" class=\"module_row themify_builder_row tb_695z837 tf_w\">\n                        <div class=\"row_inner col_align_top tb_col_count_2 tf_box tf_rel\">\n                        <div  data-lazy=\"1\" class=\"module_column tb-column col3-1 tb_qsxz841 first\">\n                    <!-- module text -->\n<div  class=\"module module-text tb_xgsz411  repeat \" data-lazy=\"1\">\n        <div  class=\"tb_text_wrap\">\n        <h2>Balsa es una empresa comprometida en promover al desarrollo de la ganader\u00eda, y el porvenir de los ganaderos e industria alimentario, en equilibrio con el entorno y bienestar de los animales.<\/h2>    <\/div>\n<\/div>\n<!-- \/module text --><!-- module text -->\n<div  class=\"module module-text tb_scwz335  repeat \" data-lazy=\"1\">\n        <div  class=\"tb_text_wrap\">\n        <p>Proporciona unos productos y servicios competitivos, de calidad e innovadores, que suponen una ventaja competitiva para nuestros clientes.<\/p>\n<p>Empresa fundada el 1975 a partir de la actividad profesional de <a title=\"\\&quot;Fundador\\&quot;\" href=\"https:\/\/www.balsa.cat\/es\/fundador\/\">Joan Baucells Pujol<\/a> como veterinario y nutricionista. Ubicada en la provincia de Barcelona, entre la costa mediterr\u00e1nea y los pirineos, en un \u00e1rea de gran tradici\u00f3n ganadera y agroalimentaria.<\/p>    <\/div>\n<\/div>\n<!-- \/module text -->        <\/div>\n                    <div  data-lazy=\"1\" class=\"module_column tb-column col3-2 tb_suux841 last\">\n                    <!-- module text -->\n<div  class=\"module module-text tb_t8u4841  repeat \" data-lazy=\"1\">\n        <div  class=\"tb_text_wrap\">\n        \n\t\t\t<!-- START Balsa REVOLUTION SLIDER 6.6.15 --><p class=\"rs-p-wp-fix\"><\/p>\n\t\t\t<rs-module-wrap id=\"rev_slider_1_1_wrapper\" data-source=\"gallery\" style=\"visibility:hidden;background:#ffffff;padding:0;margin:0px auto;margin-top:0;margin-bottom:0;\">\n\t\t\t\t<rs-module id=\"rev_slider_1_1\" style=\"\" data-version=\"6.6.15\">\n\t\t\t\t\t<rs-slides style=\"overflow: hidden; position: absolute;\">\n\t\t\t\t\t\t<rs-slide style=\"position: absolute;\" data-key=\"rs-1\" data-title=\"Slide\" data-duration=\"5000\" data-anim=\"ms:300;\" data-in=\"x:100%;\">\n\t\t\t\t\t\t\t<img decoding=\"async\" src=\"\/\/www.balsa.cat\/wp-content\/plugins\/revslider\/public\/assets\/assets\/dummy.png\" alt=\"\" title=\"Inicio\" class=\"rev-slidebg tp-rs-img rs-lazyload\" data-lazyload=\"\/\/www.balsa.cat\/wp-content\/uploads\/2015\/01\/Balsa-01.jpg\" data-bg=\"p:center bottom;\" data-no-retina>\n<!---->\t\t\t\t\t\t<\/rs-slide>\n\t\t\t\t\t\t<rs-slide style=\"position: absolute;\" data-key=\"rs-2\" data-title=\"Slide\" data-duration=\"5000\" data-anim=\"ms:300;\" data-in=\"x:100%;\">\n\t\t\t\t\t\t\t<img decoding=\"async\" src=\"\/\/www.balsa.cat\/wp-content\/plugins\/revslider\/public\/assets\/assets\/dummy.png\" alt=\"\" title=\"Inicio\" class=\"rev-slidebg tp-rs-img rs-lazyload\" data-lazyload=\"\/\/www.balsa.cat\/wp-content\/uploads\/2015\/01\/Balsa-02.jpg\" data-no-retina>\n<!---->\t\t\t\t\t\t<\/rs-slide>\n\t\t\t\t\t\t<rs-slide style=\"position: absolute;\" data-key=\"rs-3\" data-title=\"Slide\" data-duration=\"5000\" data-anim=\"ms:300;\" data-in=\"x:100%;\">\n\t\t\t\t\t\t\t<img decoding=\"async\" src=\"\/\/www.balsa.cat\/wp-content\/plugins\/revslider\/public\/assets\/assets\/dummy.png\" alt=\"\" title=\"Inicio\" class=\"rev-slidebg tp-rs-img rs-lazyload\" data-lazyload=\"\/\/www.balsa.cat\/wp-content\/uploads\/2015\/01\/Balsa-03.jpg\" data-no-retina>\n<!---->\t\t\t\t\t\t<\/rs-slide>\n\t\t\t\t\t\t<rs-slide style=\"position: absolute;\" data-key=\"rs-9\" data-title=\"Slide\" data-duration=\"5000\" data-anim=\"ms:300;\" data-in=\"x:100%;\">\n\t\t\t\t\t\t\t<img decoding=\"async\" src=\"\/\/www.balsa.cat\/wp-content\/plugins\/revslider\/public\/assets\/assets\/dummy.png\" alt=\"\" title=\"Inicio\" class=\"rev-slidebg tp-rs-img rs-lazyload\" data-lazyload=\"\/\/www.balsa.cat\/wp-content\/uploads\/2015\/01\/Balsa-04.jpg\" data-no-retina>\n<!---->\t\t\t\t\t\t<\/rs-slide>\n\t\t\t\t\t\t<rs-slide style=\"position: absolute;\" data-key=\"rs-10\" data-title=\"Slide\" data-duration=\"5000\" data-anim=\"ms:300;\" data-in=\"x:100%;\">\n\t\t\t\t\t\t\t<img decoding=\"async\" src=\"\/\/www.balsa.cat\/wp-content\/plugins\/revslider\/public\/assets\/assets\/dummy.png\" alt=\"\" title=\"Inicio\" class=\"rev-slidebg tp-rs-img rs-lazyload\" data-lazyload=\"\/\/www.balsa.cat\/wp-content\/uploads\/2015\/01\/Balsa-05.jpg\" data-no-retina>\n<!---->\t\t\t\t\t\t<\/rs-slide>\n\t\t\t\t\t\t<rs-slide style=\"position: absolute;\" data-key=\"rs-5\" data-title=\"Slide\" data-duration=\"5000\" data-anim=\"ms:300;\" data-in=\"x:100%;\">\n\t\t\t\t\t\t\t<img decoding=\"async\" src=\"\/\/www.balsa.cat\/wp-content\/plugins\/revslider\/public\/assets\/assets\/dummy.png\" alt=\"\" title=\"Inicio\" class=\"rev-slidebg tp-rs-img rs-lazyload\" data-lazyload=\"\/\/www.balsa.cat\/wp-content\/uploads\/2015\/01\/Balsa-06.jpg\" data-no-retina>\n<!---->\t\t\t\t\t\t<\/rs-slide>\n\t\t\t\t\t\t<rs-slide style=\"position: absolute;\" data-key=\"rs-4\" data-title=\"Slide\" data-duration=\"5000\" data-anim=\"ms:300;\" data-in=\"x:100%;\">\n\t\t\t\t\t\t\t<img decoding=\"async\" src=\"\/\/www.balsa.cat\/wp-content\/plugins\/revslider\/public\/assets\/assets\/dummy.png\" alt=\"\" title=\"Inicio\" class=\"rev-slidebg tp-rs-img rs-lazyload\" data-lazyload=\"\/\/www.balsa.cat\/wp-content\/uploads\/2015\/01\/Balsa-07.jpg\" data-no-retina>\n<!---->\t\t\t\t\t\t<\/rs-slide>\n\t\t\t\t\t\t<rs-slide style=\"position: absolute;\" data-key=\"rs-7\" data-title=\"Slide\" data-duration=\"5000\" data-anim=\"ms:300;\" data-in=\"x:100%;\">\n\t\t\t\t\t\t\t<img decoding=\"async\" src=\"\/\/www.balsa.cat\/wp-content\/plugins\/revslider\/public\/assets\/assets\/dummy.png\" alt=\"\" title=\"Inicio\" class=\"rev-slidebg tp-rs-img rs-lazyload\" data-lazyload=\"\/\/www.balsa.cat\/wp-content\/uploads\/2015\/01\/Balsa-08.jpg\" data-bg=\"p:left center;\" data-no-retina>\n<!---->\t\t\t\t\t\t<\/rs-slide>\n\t\t\t\t\t\t<rs-slide style=\"position: absolute;\" data-key=\"rs-6\" data-title=\"Slide\" data-duration=\"5000\" data-anim=\"ms:300;\" data-in=\"x:100%;\">\n\t\t\t\t\t\t\t<img decoding=\"async\" src=\"\/\/www.balsa.cat\/wp-content\/plugins\/revslider\/public\/assets\/assets\/dummy.png\" alt=\"\" title=\"Inicio\" class=\"rev-slidebg tp-rs-img rs-lazyload\" data-lazyload=\"\/\/www.balsa.cat\/wp-content\/uploads\/2015\/01\/Balsa-10.jpg\" data-no-retina>\n<!---->\t\t\t\t\t\t<\/rs-slide>\n\t\t\t\t\t\t<rs-slide style=\"position: absolute;\" data-key=\"rs-8\" data-title=\"Slide\" data-duration=\"5000\" data-anim=\"ms:300;\" data-in=\"x:100%;\">\n\t\t\t\t\t\t\t<img decoding=\"async\" src=\"\/\/www.balsa.cat\/wp-content\/plugins\/revslider\/public\/assets\/assets\/dummy.png\" alt=\"\" title=\"Inicio\" class=\"rev-slidebg tp-rs-img rs-lazyload\" data-lazyload=\"\/\/www.balsa.cat\/wp-content\/uploads\/2015\/01\/Balsa-09.jpg\" data-bg=\"p:center top;\" data-no-retina>\n<!---->\t\t\t\t\t\t<\/rs-slide>\n\t\t\t\t\t\t<rs-slide style=\"position: absolute;\" data-key=\"rs-21\" data-title=\"Slide\" data-duration=\"5000\" data-anim=\"ms:300;\" data-in=\"x:100%;\">\n\t\t\t\t\t\t\t<img decoding=\"async\" src=\"\/\/www.balsa.cat\/wp-content\/plugins\/revslider\/public\/assets\/assets\/dummy.png\" alt=\"\" title=\"Inicio\" class=\"rev-slidebg tp-rs-img rs-lazyload\" data-lazyload=\"\/\/www.balsa.cat\/wp-content\/uploads\/2015\/01\/Balsa-11.jpg\" data-no-retina>\n<!---->\t\t\t\t\t\t<\/rs-slide>\n\t\t\t\t\t<\/rs-slides>\n\t\t\t\t<\/rs-module>\n\t\t\t\t<script>\n\t\t\t\t\tsetREVStartSize({c: 'rev_slider_1_1',rl:[1240,1024,778,480],el:[],gw:[400],gh:[550],type:'standard',justify:'',layout:'fullwidth',mh:\"0\"});if (window.RS_MODULES!==undefined && window.RS_MODULES.modules!==undefined && window.RS_MODULES.modules[\"revslider11\"]!==undefined) {window.RS_MODULES.modules[\"revslider11\"].once = false;window.revapi1 = undefined;if (window.RS_MODULES.checkMinimal!==undefined) window.RS_MODULES.checkMinimal()}\n\t\t\t\t<\/script>\n\t\t\t<\/rs-module-wrap>\n\t\t\t<!-- END REVOLUTION SLIDER -->\n    <\/div>\n<\/div>\n<!-- \/module text -->        <\/div>\n                        <\/div>\n        <\/div>\n                        <div  data-lazy=\"1\" class=\"module_row themify_builder_row tb_mkg8465 tf_w\">\n                        <div class=\"row_inner col_align_top tb_col_count_1 tf_box tf_rel\">\n                        <div  data-lazy=\"1\" class=\"module_column tb-column col-full tb_nd99465 first\">\n                    <!-- module divider -->\n<div  class=\"module tf_mw module-divider tb_fe8d465 solid   \" style=\"border-width: 1px;border-color: #99a551;margin-top: 20px;margin-bottom: 50px;\" data-lazy=\"1\">\n    <\/div>\n<!-- \/module divider -->\n        <\/div>\n                        <\/div>\n        <\/div>\n                        <div  data-lazy=\"1\" class=\"module_row themify_builder_row tb_xzko31 tf_w\">\n                        <div class=\"row_inner col_align_top tb_col_count_2 tf_box tf_rel\">\n                        <div  data-lazy=\"1\" class=\"module_column tb-column col3-1 tb_lrdk31 first\">\n                    <!-- module image -->\n<div  class=\"module module-image tb_3qij32 image-top   auto_fullwidth tf_mw\" data-lazy=\"1\">\n        <div class=\"image-wrap tf_rel tf_mw\">\n            <img decoding=\"async\" src=\"https:\/\/www.balsa.cat\/wp-content\/uploads\/2020\/10\/energia-solar-1.svg\" title=\"Inicio\" alt=\"Inicio\">    \n        <\/div>\n    <!-- \/image-wrap -->\n    \n        <\/div>\n<!-- \/module image -->        <\/div>\n                    <div  data-lazy=\"1\" class=\"module_column tb-column col3-2 tb_8c5u32 last\">\n                    <!-- module text -->\n<div  class=\"module module-text tb_uy1132   \" data-lazy=\"1\">\n        <div  class=\"tb_text_wrap\">\n        <h2><span class=\\\"tlid-translation translation\\\" lang=\\\"es\\\"><span title=\\\"\\\">Una<\/span> <span title=\\\"\\\">empresa<\/span> <span title=\\\"\\\">comprometida<\/span> <span title=\\\"\\\">con el medio<\/span> <span class=\\\"\\\" title=\\\"\\\">ambiente.<\/span><\/span><\/h2>\n<p><span class=\\\"tlid-translation translation\\\" lang=\\\"es\\\"><span title=\\\"\\\">Recientemente<\/span> <span title=\\\"\\\">hemos hecho<\/span> <span title=\\\"\\\">una instalaci\u00f3n<\/span> <span title=\\\"\\\">fotovoltaica<\/span> <span class=\\\"\\\" title=\\\"\\\">de autoconsumo<\/span> <span title=\\\"\\\">con<\/span> <span class=\\\"\\\" title=\\\"\\\">114<\/span> <span title=\\\"\\\">placas<\/span> <span title=\\\"\\\">solares<\/span> <span title=\\\"\\\">que generan<\/span> <span title=\\\"\\\">80.000<\/span> <span title=\\\"\\\">KWh<\/span> <span title=\\\"\\\">\/ a\u00f1o<\/span><span title=\\\"\\\">, dejando<\/span> <span class=\\\"\\\" title=\\\"\\\">de emitir m\u00e1s<\/span> <span class=\\\"\\\" title=\\\"\\\">de 32<\/span> <span class=\\\"\\\" title=\\\"\\\">toneladas<\/span> <span title=\\\"\\\">dw<\/span> <span class=\\\"\\\" title=\\\"\\\">CO2<\/span> <span title=\\\"\\\">a<\/span> <span class=\\\"\\\" title=\\\"\\\">la atm\u00f3sfera.<\/span><\/span><\/p>    <\/div>\n<\/div>\n<!-- \/module text --><!-- module icon -->\n<div  class=\"module module-icon tb_hnzf33  normal circle icon_horizontal \" data-lazy=\"1\">\n            <div class=\"module-icon-item\">\n                            <a href=\"https:\/\/www.balsa.cat\/wp-content\/uploads\/2020\/10\/Video-sin-texto.mp4\" data-zoom-config=\"100%|px\" class=\"lightbox-builder themify_lightbox\">\n                                                                    <em class=\"tf_boxgreen\"><svg  class=\"tf_fa tf-fab-youtube\" aria-hidden=\"true\"><use href=\"#tf-fab-youtube\"><\/use><\/svg><\/em>\n                                                                            <span>Ver v\u00eddeo<\/span>\n                                                                    <\/a>\n                    <\/div>\n    <\/div>\n<!-- \/module icon -->\n        <\/div>\n                        <\/div>\n        <\/div>\n        <\/div>\n<!--\/themify_builder_content-->","protected":false},"excerpt":{"rendered":"<p>T. 93 850 27 43 Balsa es una empresa comprometida en promover al desarrollo de la ganader\u00eda, y el porvenir de los ganaderos e industria alimentario, en equilibrio con el entorno y bienestar de los animales. Proporciona unos productos y servicios competitivos, de calidad e innovadores, que suponen una ventaja competitiva para nuestros clientes. Empresa [&hellip;]<\/p>\n","protected":false},"author":1,"featured_media":0,"parent":0,"menu_order":1,"comment_status":"closed","ping_status":"closed","template":"","meta":{"inline_featured_image":false,"footnotes":""},"class_list":["post-2529","page","type-page","status-publish","hentry","has-post-title","has-post-date","has-post-category","has-post-tag","has-post-comment","has-post-author",""],"yoast_head":"<!-- This site is optimized with the Yoast SEO plugin v26.8 - https:\/\/yoast.com\/product\/yoast-seo-wordpress\/ -->\n<title>Balsa - Veterin\u00e0ria i Nutrici\u00f3<\/title>\n<meta name=\"description\" content=\"Empresa compromesa a promoure el desenvolupament de la ramaderia i el provenir dels ramaders, la ind\u00fastria aliment\u00e0ria i el benestar dels animals.\" \/>\n<meta name=\"robots\" content=\"index, follow, max-snippet:-1, max-image-preview:large, max-video-preview:-1\" \/>\n<link rel=\"canonical\" href=\"https:\/\/www.balsa.cat\/es\/\" \/>\n<meta property=\"og:locale\" content=\"es_ES\" \/>\n<meta property=\"og:type\" content=\"article\" \/>\n<meta property=\"og:title\" content=\"Balsa - Veterin\u00e0ria i Nutrici\u00f3\" \/>\n<meta property=\"og:description\" content=\"Empresa compromesa a promoure el desenvolupament de la ramaderia i el provenir dels ramaders, la ind\u00fastria aliment\u00e0ria i el benestar dels animals.\" \/>\n<meta property=\"og:url\" content=\"https:\/\/www.balsa.cat\/es\/\" \/>\n<meta property=\"og:site_name\" content=\"Balsa\" \/>\n<meta property=\"article:modified_time\" content=\"2022-12-08T11:29:09+00:00\" \/>\n<meta property=\"og:image\" content=\"https:\/\/www.balsa.cat\/wp-content\/uploads\/2020\/10\/energia-solar-1.svg\" \/>\n<meta name=\"twitter:label1\" content=\"Tiempo de lectura\" \/>\n\t<meta name=\"twitter:data1\" content=\"1 minuto\" \/>\n<script type=\"application\/ld+json\" class=\"yoast-schema-graph\">{\"@context\":\"https:\/\/schema.org\",\"@graph\":[{\"@type\":\"WebPage\",\"@id\":\"https:\/\/www.balsa.cat\/es\/\",\"url\":\"https:\/\/www.balsa.cat\/es\/\",\"name\":\"Balsa - Veterin\u00e0ria i Nutrici\u00f3\",\"isPartOf\":{\"@id\":\"https:\/\/www.balsa.cat\/es\/#website\"},\"primaryImageOfPage\":{\"@id\":\"https:\/\/www.balsa.cat\/es\/#primaryimage\"},\"image\":{\"@id\":\"https:\/\/www.balsa.cat\/es\/#primaryimage\"},\"thumbnailUrl\":\"https:\/\/www.balsa.cat\/wp-content\/uploads\/2020\/10\/energia-solar-1.svg\",\"datePublished\":\"2015-01-20T15:18:17+00:00\",\"dateModified\":\"2022-12-08T11:29:09+00:00\",\"description\":\"Empresa compromesa a promoure el desenvolupament de la ramaderia i el provenir dels ramaders, la ind\u00fastria aliment\u00e0ria i el benestar dels animals.\",\"breadcrumb\":{\"@id\":\"https:\/\/www.balsa.cat\/es\/#breadcrumb\"},\"inLanguage\":\"es\",\"potentialAction\":[{\"@type\":\"ReadAction\",\"target\":[\"https:\/\/www.balsa.cat\/es\/\"]}]},{\"@type\":\"ImageObject\",\"inLanguage\":\"es\",\"@id\":\"https:\/\/www.balsa.cat\/es\/#primaryimage\",\"url\":\"https:\/\/www.balsa.cat\/wp-content\/uploads\/2020\/10\/energia-solar-1.svg\",\"contentUrl\":\"https:\/\/www.balsa.cat\/wp-content\/uploads\/2020\/10\/energia-solar-1.svg\"},{\"@type\":\"BreadcrumbList\",\"@id\":\"https:\/\/www.balsa.cat\/es\/#breadcrumb\",\"itemListElement\":[{\"@type\":\"ListItem\",\"position\":1,\"name\":\"Inici\",\"item\":\"https:\/\/www.balsa.cat\/es\/\"},{\"@type\":\"ListItem\",\"position\":2,\"name\":\"Inicio\"}]},{\"@type\":\"WebSite\",\"@id\":\"https:\/\/www.balsa.cat\/es\/#website\",\"url\":\"https:\/\/www.balsa.cat\/es\/\",\"name\":\"Balsa\",\"description\":\"\",\"potentialAction\":[{\"@type\":\"SearchAction\",\"target\":{\"@type\":\"EntryPoint\",\"urlTemplate\":\"https:\/\/www.balsa.cat\/es\/?s={search_term_string}\"},\"query-input\":{\"@type\":\"PropertyValueSpecification\",\"valueRequired\":true,\"valueName\":\"search_term_string\"}}],\"inLanguage\":\"es\"}]}<\/script>\n<!-- \/ Yoast SEO plugin. -->","yoast_head_json":{"title":"Balsa - Veterin\u00e0ria i Nutrici\u00f3","description":"Empresa compromesa a promoure el desenvolupament de la ramaderia i el provenir dels ramaders, la ind\u00fastria aliment\u00e0ria i el benestar dels animals.","robots":{"index":"index","follow":"follow","max-snippet":"max-snippet:-1","max-image-preview":"max-image-preview:large","max-video-preview":"max-video-preview:-1"},"canonical":"https:\/\/www.balsa.cat\/es\/","og_locale":"es_ES","og_type":"article","og_title":"Balsa - Veterin\u00e0ria i Nutrici\u00f3","og_description":"Empresa compromesa a promoure el desenvolupament de la ramaderia i el provenir dels ramaders, la ind\u00fastria aliment\u00e0ria i el benestar dels animals.","og_url":"https:\/\/www.balsa.cat\/es\/","og_site_name":"Balsa","article_modified_time":"2022-12-08T11:29:09+00:00","og_image":[{"url":"https:\/\/www.balsa.cat\/wp-content\/uploads\/2020\/10\/energia-solar-1.svg","type":"","width":"","height":""}],"twitter_misc":{"Tiempo de lectura":"1 minuto"},"schema":{"@context":"https:\/\/schema.org","@graph":[{"@type":"WebPage","@id":"https:\/\/www.balsa.cat\/es\/","url":"https:\/\/www.balsa.cat\/es\/","name":"Balsa - Veterin\u00e0ria i Nutrici\u00f3","isPartOf":{"@id":"https:\/\/www.balsa.cat\/es\/#website"},"primaryImageOfPage":{"@id":"https:\/\/www.balsa.cat\/es\/#primaryimage"},"image":{"@id":"https:\/\/www.balsa.cat\/es\/#primaryimage"},"thumbnailUrl":"https:\/\/www.balsa.cat\/wp-content\/uploads\/2020\/10\/energia-solar-1.svg","datePublished":"2015-01-20T15:18:17+00:00","dateModified":"2022-12-08T11:29:09+00:00","description":"Empresa compromesa a promoure el desenvolupament de la ramaderia i el provenir dels ramaders, la ind\u00fastria aliment\u00e0ria i el benestar dels animals.","breadcrumb":{"@id":"https:\/\/www.balsa.cat\/es\/#breadcrumb"},"inLanguage":"es","potentialAction":[{"@type":"ReadAction","target":["https:\/\/www.balsa.cat\/es\/"]}]},{"@type":"ImageObject","inLanguage":"es","@id":"https:\/\/www.balsa.cat\/es\/#primaryimage","url":"https:\/\/www.balsa.cat\/wp-content\/uploads\/2020\/10\/energia-solar-1.svg","contentUrl":"https:\/\/www.balsa.cat\/wp-content\/uploads\/2020\/10\/energia-solar-1.svg"},{"@type":"BreadcrumbList","@id":"https:\/\/www.balsa.cat\/es\/#breadcrumb","itemListElement":[{"@type":"ListItem","position":1,"name":"Inici","item":"https:\/\/www.balsa.cat\/es\/"},{"@type":"ListItem","position":2,"name":"Inicio"}]},{"@type":"WebSite","@id":"https:\/\/www.balsa.cat\/es\/#website","url":"https:\/\/www.balsa.cat\/es\/","name":"Balsa","description":"","potentialAction":[{"@type":"SearchAction","target":{"@type":"EntryPoint","urlTemplate":"https:\/\/www.balsa.cat\/es\/?s={search_term_string}"},"query-input":{"@type":"PropertyValueSpecification","valueRequired":true,"valueName":"search_term_string"}}],"inLanguage":"es"}]}},"builder_content":"<p>T. 93 850 27 43<\/p>\n\n<h2>Balsa es una empresa comprometida en promover al desarrollo de la ganader\u00eda, y el porvenir de los ganaderos e industria alimentario, en equilibrio con el entorno y bienestar de los animales.<\/h2>\n<p>Proporciona unos productos y servicios competitivos, de calidad e innovadores, que suponen una ventaja competitiva para nuestros clientes.<\/p> <p>Empresa fundada el 1975 a partir de la actividad profesional de <a title=\"\\&quot;Fundador\\&quot;\" href=\"https:\/\/www.balsa.cat\/es\/fundador\/\">Joan Baucells Pujol<\/a> como veterinario y nutricionista. Ubicada en la provincia de Barcelona, entre la costa mediterr\u00e1nea y los pirineos, en un \u00e1rea de gran tradici\u00f3n ganadera y agroalimentaria.<\/p>\n<p>[rev_slider alias=\"Balsa\"][\/rev_slider]<\/p>\n\n<img src=\"https:\/\/www.balsa.cat\/wp-content\/uploads\/2020\/10\/energia-solar-1.svg\" title=\"Inicio\" alt=\"Inicio\">\n<h2>Una empresa comprometida con el medio ambiente.<\/h2> <p>Recientemente hemos hecho una instalaci\u00f3n fotovoltaica de autoconsumo con 114 placas solares que generan 80.000 KWh \/ a\u00f1o, dejando de emitir m\u00e1s de 32 toneladas dw CO2 a la atm\u00f3sfera.<\/p>\n<a href=\"https:\/\/www.balsa.cat\/wp-content\/uploads\/2020\/10\/Video-sin-texto.mp4\" data-zoom-config=\"100%|px\"> <em><svg aria-hidden=\"true\"><use href=\"#tf-fab-youtube\"><\/use><\/svg><\/em> Ver v\u00eddeo <\/a>","_links":{"self":[{"href":"https:\/\/www.balsa.cat\/es\/wp-json\/wp\/v2\/pages\/2529","targetHints":{"allow":["GET"]}}],"collection":[{"href":"https:\/\/www.balsa.cat\/es\/wp-json\/wp\/v2\/pages"}],"about":[{"href":"https:\/\/www.balsa.cat\/es\/wp-json\/wp\/v2\/types\/page"}],"author":[{"embeddable":true,"href":"https:\/\/www.balsa.cat\/es\/wp-json\/wp\/v2\/users\/1"}],"replies":[{"embeddable":true,"href":"https:\/\/www.balsa.cat\/es\/wp-json\/wp\/v2\/comments?post=2529"}],"version-history":[{"count":4,"href":"https:\/\/www.balsa.cat\/es\/wp-json\/wp\/v2\/pages\/2529\/revisions"}],"predecessor-version":[{"id":3234,"href":"https:\/\/www.balsa.cat\/es\/wp-json\/wp\/v2\/pages\/2529\/revisions\/3234"}],"wp:attachment":[{"href":"https:\/\/www.balsa.cat\/es\/wp-json\/wp\/v2\/media?parent=2529"}],"curies":[{"name":"wp","href":"https:\/\/api.w.org\/{rel}","templated":true}]}}