{"id":2528,"date":"2015-01-20T15:18:17","date_gmt":"2015-01-20T15:18:17","guid":{"rendered":"http:\/\/www.balsa-cvv.com\/inici-3\/"},"modified":"2022-12-08T12:23:36","modified_gmt":"2022-12-08T11:23:36","slug":"inici","status":"publish","type":"page","link":"https:\/\/www.balsa.cat\/en\/","title":{"rendered":"Home"},"content":{"rendered":"<!--themify_builder_content-->\n<div id=\"themify_builder_content-2528\" data-postid=\"2528\" class=\"themify_builder_content themify_builder_content-2528 themify_builder tf_clear\">\n                    <div  data-lazy=\"1\" class=\"module_row themify_builder_row tb_08bx255 tb_first tf_w\">\n                        <div class=\"row_inner col_align_top tb_col_count_1 tf_box tf_rel\">\n                        <div  data-lazy=\"1\" class=\"module_column tb-column col-full tb_d7el257 first\">\n                    <!-- module text -->\n<div  class=\"module module-text tb_j1kh258 tel repeat \" data-lazy=\"1\">\n        <div  class=\"tb_text_wrap\">\n        <p>T. +34 93 850 27 43<\/p>    <\/div>\n<\/div>\n<!-- \/module text --><!-- module divider -->\n<div  class=\"module tf_mw module-divider tb_d178259 solid   \" style=\"border-width: 1px;border-color: #99a551;margin-top: 0px;margin-bottom: 30px;\" data-lazy=\"1\">\n    <\/div>\n<!-- \/module divider -->\n        <\/div>\n                        <\/div>\n        <\/div>\n                        <div  data-lazy=\"1\" class=\"module_row themify_builder_row tb_h0o1255 tf_w\">\n                        <div class=\"row_inner col_align_top tb_col_count_2 tf_box tf_rel\">\n                        <div  data-lazy=\"1\" class=\"module_column tb-column col3-1 tb_e2v7259 first\">\n                    <!-- module text -->\n<div  class=\"module module-text tb_g9jv379  repeat \" data-lazy=\"1\">\n        <div  class=\"tb_text_wrap\">\n        <h2>Balsa is a company committed to promoting the development of farming and the food industry, in harmony with the environment and animal welfare.<\/h2>    <\/div>\n<\/div>\n<!-- \/module text --><!-- module text -->\n<div  class=\"module module-text tb_10y8823  repeat \" data-lazy=\"1\">\n        <div  class=\"tb_text_wrap\">\n        <p>Provides a competitive products and services, of quality and innovative, representing a competitive advantage for our clients.<\/p>\n<p>Company founded in 1975 starting from the professional activity of Joan Pujol Baucells as veterinarian and nutritionist. Located in the province of Barcelona, between the Pyrenees and the Mediterranean coast, in an area of great food and farming tradition.<\/p>    <\/div>\n<\/div>\n<!-- \/module text -->        <\/div>\n                    <div  data-lazy=\"1\" class=\"module_column tb-column col3-2 tb_7bfk260 last\">\n                    <!-- module text -->\n<div  class=\"module module-text tb_gb12261  repeat \" data-lazy=\"1\">\n        <div  class=\"tb_text_wrap\">\n        \n\t\t\t<!-- START Balsa REVOLUTION SLIDER 6.6.15 --><p class=\"rs-p-wp-fix\"><\/p>\n\t\t\t<rs-module-wrap id=\"rev_slider_1_1_wrapper\" data-source=\"gallery\" style=\"visibility:hidden;background:#ffffff;padding:0;margin:0px auto;margin-top:0;margin-bottom:0;\">\n\t\t\t\t<rs-module id=\"rev_slider_1_1\" style=\"\" data-version=\"6.6.15\">\n\t\t\t\t\t<rs-slides style=\"overflow: hidden; position: absolute;\">\n\t\t\t\t\t\t<rs-slide style=\"position: absolute;\" data-key=\"rs-1\" data-title=\"Slide\" data-duration=\"5000\" data-anim=\"ms:300;\" data-in=\"x:100%;\">\n\t\t\t\t\t\t\t<img decoding=\"async\" src=\"\/\/www.balsa.cat\/wp-content\/plugins\/revslider\/public\/assets\/assets\/dummy.png\" alt=\"\" title=\"Home\" class=\"rev-slidebg tp-rs-img rs-lazyload\" data-lazyload=\"\/\/www.balsa.cat\/wp-content\/uploads\/2015\/01\/Balsa-01.jpg\" data-bg=\"p:center bottom;\" data-no-retina>\n<!---->\t\t\t\t\t\t<\/rs-slide>\n\t\t\t\t\t\t<rs-slide style=\"position: absolute;\" data-key=\"rs-2\" data-title=\"Slide\" data-duration=\"5000\" data-anim=\"ms:300;\" data-in=\"x:100%;\">\n\t\t\t\t\t\t\t<img decoding=\"async\" src=\"\/\/www.balsa.cat\/wp-content\/plugins\/revslider\/public\/assets\/assets\/dummy.png\" alt=\"\" title=\"Home\" class=\"rev-slidebg tp-rs-img rs-lazyload\" data-lazyload=\"\/\/www.balsa.cat\/wp-content\/uploads\/2015\/01\/Balsa-02.jpg\" data-no-retina>\n<!---->\t\t\t\t\t\t<\/rs-slide>\n\t\t\t\t\t\t<rs-slide style=\"position: absolute;\" data-key=\"rs-3\" data-title=\"Slide\" data-duration=\"5000\" data-anim=\"ms:300;\" data-in=\"x:100%;\">\n\t\t\t\t\t\t\t<img decoding=\"async\" src=\"\/\/www.balsa.cat\/wp-content\/plugins\/revslider\/public\/assets\/assets\/dummy.png\" alt=\"\" title=\"Home\" class=\"rev-slidebg tp-rs-img rs-lazyload\" data-lazyload=\"\/\/www.balsa.cat\/wp-content\/uploads\/2015\/01\/Balsa-03.jpg\" data-no-retina>\n<!---->\t\t\t\t\t\t<\/rs-slide>\n\t\t\t\t\t\t<rs-slide style=\"position: absolute;\" data-key=\"rs-9\" data-title=\"Slide\" data-duration=\"5000\" data-anim=\"ms:300;\" data-in=\"x:100%;\">\n\t\t\t\t\t\t\t<img decoding=\"async\" src=\"\/\/www.balsa.cat\/wp-content\/plugins\/revslider\/public\/assets\/assets\/dummy.png\" alt=\"\" title=\"Home\" class=\"rev-slidebg tp-rs-img rs-lazyload\" data-lazyload=\"\/\/www.balsa.cat\/wp-content\/uploads\/2015\/01\/Balsa-04.jpg\" data-no-retina>\n<!---->\t\t\t\t\t\t<\/rs-slide>\n\t\t\t\t\t\t<rs-slide style=\"position: absolute;\" data-key=\"rs-10\" data-title=\"Slide\" data-duration=\"5000\" data-anim=\"ms:300;\" data-in=\"x:100%;\">\n\t\t\t\t\t\t\t<img decoding=\"async\" src=\"\/\/www.balsa.cat\/wp-content\/plugins\/revslider\/public\/assets\/assets\/dummy.png\" alt=\"\" title=\"Home\" class=\"rev-slidebg tp-rs-img rs-lazyload\" data-lazyload=\"\/\/www.balsa.cat\/wp-content\/uploads\/2015\/01\/Balsa-05.jpg\" data-no-retina>\n<!---->\t\t\t\t\t\t<\/rs-slide>\n\t\t\t\t\t\t<rs-slide style=\"position: absolute;\" data-key=\"rs-5\" data-title=\"Slide\" data-duration=\"5000\" data-anim=\"ms:300;\" data-in=\"x:100%;\">\n\t\t\t\t\t\t\t<img decoding=\"async\" src=\"\/\/www.balsa.cat\/wp-content\/plugins\/revslider\/public\/assets\/assets\/dummy.png\" alt=\"\" title=\"Home\" class=\"rev-slidebg tp-rs-img rs-lazyload\" data-lazyload=\"\/\/www.balsa.cat\/wp-content\/uploads\/2015\/01\/Balsa-06.jpg\" data-no-retina>\n<!---->\t\t\t\t\t\t<\/rs-slide>\n\t\t\t\t\t\t<rs-slide style=\"position: absolute;\" data-key=\"rs-4\" data-title=\"Slide\" data-duration=\"5000\" data-anim=\"ms:300;\" data-in=\"x:100%;\">\n\t\t\t\t\t\t\t<img decoding=\"async\" src=\"\/\/www.balsa.cat\/wp-content\/plugins\/revslider\/public\/assets\/assets\/dummy.png\" alt=\"\" title=\"Home\" class=\"rev-slidebg tp-rs-img rs-lazyload\" data-lazyload=\"\/\/www.balsa.cat\/wp-content\/uploads\/2015\/01\/Balsa-07.jpg\" data-no-retina>\n<!---->\t\t\t\t\t\t<\/rs-slide>\n\t\t\t\t\t\t<rs-slide style=\"position: absolute;\" data-key=\"rs-7\" data-title=\"Slide\" data-duration=\"5000\" data-anim=\"ms:300;\" data-in=\"x:100%;\">\n\t\t\t\t\t\t\t<img decoding=\"async\" src=\"\/\/www.balsa.cat\/wp-content\/plugins\/revslider\/public\/assets\/assets\/dummy.png\" alt=\"\" title=\"Home\" class=\"rev-slidebg tp-rs-img rs-lazyload\" data-lazyload=\"\/\/www.balsa.cat\/wp-content\/uploads\/2015\/01\/Balsa-08.jpg\" data-bg=\"p:left center;\" data-no-retina>\n<!---->\t\t\t\t\t\t<\/rs-slide>\n\t\t\t\t\t\t<rs-slide style=\"position: absolute;\" data-key=\"rs-6\" data-title=\"Slide\" data-duration=\"5000\" data-anim=\"ms:300;\" data-in=\"x:100%;\">\n\t\t\t\t\t\t\t<img decoding=\"async\" src=\"\/\/www.balsa.cat\/wp-content\/plugins\/revslider\/public\/assets\/assets\/dummy.png\" alt=\"\" title=\"Home\" class=\"rev-slidebg tp-rs-img rs-lazyload\" data-lazyload=\"\/\/www.balsa.cat\/wp-content\/uploads\/2015\/01\/Balsa-10.jpg\" data-no-retina>\n<!---->\t\t\t\t\t\t<\/rs-slide>\n\t\t\t\t\t\t<rs-slide style=\"position: absolute;\" data-key=\"rs-8\" data-title=\"Slide\" data-duration=\"5000\" data-anim=\"ms:300;\" data-in=\"x:100%;\">\n\t\t\t\t\t\t\t<img decoding=\"async\" src=\"\/\/www.balsa.cat\/wp-content\/plugins\/revslider\/public\/assets\/assets\/dummy.png\" alt=\"\" title=\"Home\" class=\"rev-slidebg tp-rs-img rs-lazyload\" data-lazyload=\"\/\/www.balsa.cat\/wp-content\/uploads\/2015\/01\/Balsa-09.jpg\" data-bg=\"p:center top;\" data-no-retina>\n<!---->\t\t\t\t\t\t<\/rs-slide>\n\t\t\t\t\t\t<rs-slide style=\"position: absolute;\" data-key=\"rs-21\" data-title=\"Slide\" data-duration=\"5000\" data-anim=\"ms:300;\" data-in=\"x:100%;\">\n\t\t\t\t\t\t\t<img decoding=\"async\" src=\"\/\/www.balsa.cat\/wp-content\/plugins\/revslider\/public\/assets\/assets\/dummy.png\" alt=\"\" title=\"Home\" class=\"rev-slidebg tp-rs-img rs-lazyload\" data-lazyload=\"\/\/www.balsa.cat\/wp-content\/uploads\/2015\/01\/Balsa-11.jpg\" data-no-retina>\n<!---->\t\t\t\t\t\t<\/rs-slide>\n\t\t\t\t\t<\/rs-slides>\n\t\t\t\t<\/rs-module>\n\t\t\t\t<script>\n\t\t\t\t\tsetREVStartSize({c: 'rev_slider_1_1',rl:[1240,1024,778,480],el:[],gw:[400],gh:[550],type:'standard',justify:'',layout:'fullwidth',mh:\"0\"});if (window.RS_MODULES!==undefined && window.RS_MODULES.modules!==undefined && window.RS_MODULES.modules[\"revslider11\"]!==undefined) {window.RS_MODULES.modules[\"revslider11\"].once = false;window.revapi1 = undefined;if (window.RS_MODULES.checkMinimal!==undefined) window.RS_MODULES.checkMinimal()}\n\t\t\t\t<\/script>\n\t\t\t<\/rs-module-wrap>\n\t\t\t<!-- END REVOLUTION SLIDER -->\n    <\/div>\n<\/div>\n<!-- \/module text -->        <\/div>\n                        <\/div>\n        <\/div>\n                        <div  data-lazy=\"1\" class=\"module_row themify_builder_row tb_1odx618 tf_w\">\n                        <div class=\"row_inner col_align_top tb_col_count_1 tf_box tf_rel\">\n                        <div  data-lazy=\"1\" class=\"module_column tb-column col-full tb_afq2619 first\">\n                    <!-- module divider -->\n<div  class=\"module tf_mw module-divider tb_spy1619 solid   \" style=\"border-width: 1px;border-color: #99a551;margin-top: 20px;margin-bottom: 50px;\" data-lazy=\"1\">\n    <\/div>\n<!-- \/module divider -->\n        <\/div>\n                        <\/div>\n        <\/div>\n                        <div  data-lazy=\"1\" class=\"module_row themify_builder_row tb_aucw4 tf_w\">\n                        <div class=\"row_inner col_align_top tb_col_count_2 tf_box tf_rel\">\n                        <div  data-lazy=\"1\" class=\"module_column tb-column col3-1 tb_dn8p4 first\">\n                    <!-- module image -->\n<div  class=\"module module-image tb_lpf74 image-top   auto_fullwidth tf_mw\" data-lazy=\"1\">\n        <div class=\"image-wrap tf_rel tf_mw\">\n            <img decoding=\"async\" src=\"https:\/\/www.balsa.cat\/wp-content\/uploads\/2020\/10\/energia-solar-1.svg\" title=\"Home\" alt=\"Home\">    \n        <\/div>\n    <!-- \/image-wrap -->\n    \n        <\/div>\n<!-- \/module image -->        <\/div>\n                    <div  data-lazy=\"1\" class=\"module_column tb-column col3-2 tb_jjsu4 last\">\n                    <!-- module text -->\n<div  class=\"module module-text tb_pww15   \" data-lazy=\"1\">\n        <div  class=\"tb_text_wrap\">\n        <h2>A company committed to the environment.<\/h2>\n<p>We have recently made a self-consumption photovoltaic installation with 114 solar panels that generate 80,000 KWh \/ year, ceasing to emit more than 32 tons of CO2 into the atmosphere.<\/p>    <\/div>\n<\/div>\n<!-- \/module text --><!-- module icon -->\n<div  class=\"module module-icon tb_ljgp5  normal circle icon_horizontal \" data-lazy=\"1\">\n            <div class=\"module-icon-item\">\n                            <a href=\"https:\/\/www.balsa.cat\/wp-content\/uploads\/2020\/10\/Video-sin-texto.mp4\" data-zoom-config=\"100%|px\" class=\"lightbox-builder themify_lightbox\">\n                                                                    <em class=\"tf_boxgreen\"><svg  class=\"tf_fa tf-fab-youtube\" aria-hidden=\"true\"><use href=\"#tf-fab-youtube\"><\/use><\/svg><\/em>\n                                                                            <span>Watch Video<\/span>\n                                                                    <\/a>\n                    <\/div>\n    <\/div>\n<!-- \/module icon -->\n        <\/div>\n                        <\/div>\n        <\/div>\n        <\/div>\n<!--\/themify_builder_content-->","protected":false},"excerpt":{"rendered":"<p>T. +34 93 850 27 43<\/p>\n","protected":false},"author":1,"featured_media":0,"parent":0,"menu_order":1,"comment_status":"closed","ping_status":"closed","template":"","meta":{"inline_featured_image":false,"footnotes":""},"class_list":["post-2528","page","type-page","status-publish","hentry","has-post-title","has-post-date","has-post-category","has-post-tag","has-post-comment","has-post-author",""],"yoast_head":"<!-- This site is optimized with the Yoast SEO plugin v26.8 - https:\/\/yoast.com\/product\/yoast-seo-wordpress\/ -->\n<title>Balsa - Veterin\u00e0ria i Nutrici\u00f3<\/title>\n<meta name=\"description\" content=\"Empresa compromesa a promoure el desenvolupament de la ramaderia i el provenir dels ramaders, la ind\u00fastria aliment\u00e0ria i el benestar dels animals.\" \/>\n<meta name=\"robots\" content=\"index, follow, max-snippet:-1, max-image-preview:large, max-video-preview:-1\" \/>\n<link rel=\"canonical\" href=\"https:\/\/www.balsa.cat\/en\/\" \/>\n<meta property=\"og:locale\" content=\"en_US\" \/>\n<meta property=\"og:type\" content=\"article\" \/>\n<meta property=\"og:title\" content=\"Balsa - Veterin\u00e0ria i Nutrici\u00f3\" \/>\n<meta property=\"og:description\" content=\"Empresa compromesa a promoure el desenvolupament de la ramaderia i el provenir dels ramaders, la ind\u00fastria aliment\u00e0ria i el benestar dels animals.\" \/>\n<meta property=\"og:url\" content=\"https:\/\/www.balsa.cat\/en\/\" \/>\n<meta property=\"og:site_name\" content=\"Balsa\" \/>\n<meta property=\"article:modified_time\" content=\"2022-12-08T11:23:36+00:00\" \/>\n<script type=\"application\/ld+json\" class=\"yoast-schema-graph\">{\"@context\":\"https:\/\/schema.org\",\"@graph\":[{\"@type\":\"WebPage\",\"@id\":\"https:\/\/www.balsa.cat\/en\/\",\"url\":\"https:\/\/www.balsa.cat\/en\/\",\"name\":\"Balsa - Veterin\u00e0ria i Nutrici\u00f3\",\"isPartOf\":{\"@id\":\"https:\/\/www.balsa.cat\/en\/#website\"},\"datePublished\":\"2015-01-20T15:18:17+00:00\",\"dateModified\":\"2022-12-08T11:23:36+00:00\",\"description\":\"Empresa compromesa a promoure el desenvolupament de la ramaderia i el provenir dels ramaders, la ind\u00fastria aliment\u00e0ria i el benestar dels animals.\",\"breadcrumb\":{\"@id\":\"https:\/\/www.balsa.cat\/en\/#breadcrumb\"},\"inLanguage\":\"en-US\",\"potentialAction\":[{\"@type\":\"ReadAction\",\"target\":[\"https:\/\/www.balsa.cat\/en\/\"]}]},{\"@type\":\"BreadcrumbList\",\"@id\":\"https:\/\/www.balsa.cat\/en\/#breadcrumb\",\"itemListElement\":[{\"@type\":\"ListItem\",\"position\":1,\"name\":\"Inici\",\"item\":\"https:\/\/www.balsa.cat\/en\/\"},{\"@type\":\"ListItem\",\"position\":2,\"name\":\"Home\"}]},{\"@type\":\"WebSite\",\"@id\":\"https:\/\/www.balsa.cat\/en\/#website\",\"url\":\"https:\/\/www.balsa.cat\/en\/\",\"name\":\"Balsa\",\"description\":\"\",\"potentialAction\":[{\"@type\":\"SearchAction\",\"target\":{\"@type\":\"EntryPoint\",\"urlTemplate\":\"https:\/\/www.balsa.cat\/en\/?s={search_term_string}\"},\"query-input\":{\"@type\":\"PropertyValueSpecification\",\"valueRequired\":true,\"valueName\":\"search_term_string\"}}],\"inLanguage\":\"en-US\"}]}<\/script>\n<!-- \/ Yoast SEO plugin. -->","yoast_head_json":{"title":"Balsa - Veterin\u00e0ria i Nutrici\u00f3","description":"Empresa compromesa a promoure el desenvolupament de la ramaderia i el provenir dels ramaders, la ind\u00fastria aliment\u00e0ria i el benestar dels animals.","robots":{"index":"index","follow":"follow","max-snippet":"max-snippet:-1","max-image-preview":"max-image-preview:large","max-video-preview":"max-video-preview:-1"},"canonical":"https:\/\/www.balsa.cat\/en\/","og_locale":"en_US","og_type":"article","og_title":"Balsa - Veterin\u00e0ria i Nutrici\u00f3","og_description":"Empresa compromesa a promoure el desenvolupament de la ramaderia i el provenir dels ramaders, la ind\u00fastria aliment\u00e0ria i el benestar dels animals.","og_url":"https:\/\/www.balsa.cat\/en\/","og_site_name":"Balsa","article_modified_time":"2022-12-08T11:23:36+00:00","schema":{"@context":"https:\/\/schema.org","@graph":[{"@type":"WebPage","@id":"https:\/\/www.balsa.cat\/en\/","url":"https:\/\/www.balsa.cat\/en\/","name":"Balsa - Veterin\u00e0ria i Nutrici\u00f3","isPartOf":{"@id":"https:\/\/www.balsa.cat\/en\/#website"},"datePublished":"2015-01-20T15:18:17+00:00","dateModified":"2022-12-08T11:23:36+00:00","description":"Empresa compromesa a promoure el desenvolupament de la ramaderia i el provenir dels ramaders, la ind\u00fastria aliment\u00e0ria i el benestar dels animals.","breadcrumb":{"@id":"https:\/\/www.balsa.cat\/en\/#breadcrumb"},"inLanguage":"en-US","potentialAction":[{"@type":"ReadAction","target":["https:\/\/www.balsa.cat\/en\/"]}]},{"@type":"BreadcrumbList","@id":"https:\/\/www.balsa.cat\/en\/#breadcrumb","itemListElement":[{"@type":"ListItem","position":1,"name":"Inici","item":"https:\/\/www.balsa.cat\/en\/"},{"@type":"ListItem","position":2,"name":"Home"}]},{"@type":"WebSite","@id":"https:\/\/www.balsa.cat\/en\/#website","url":"https:\/\/www.balsa.cat\/en\/","name":"Balsa","description":"","potentialAction":[{"@type":"SearchAction","target":{"@type":"EntryPoint","urlTemplate":"https:\/\/www.balsa.cat\/en\/?s={search_term_string}"},"query-input":{"@type":"PropertyValueSpecification","valueRequired":true,"valueName":"search_term_string"}}],"inLanguage":"en-US"}]}},"builder_content":"<p>T. +34 93 850 27 43<\/p>\n\n<h2>Balsa is a company committed to promoting the development of farming and the food industry, in harmony with the environment and animal welfare.<\/h2>\n<p>Provides a competitive products and services, of quality and innovative, representing a competitive advantage for our clients.<\/p> <p>Company founded in 1975 starting from the professional activity of Joan Pujol Baucells as veterinarian and nutritionist. Located in the province of Barcelona, between the Pyrenees and the Mediterranean coast, in an area of great food and farming tradition.<\/p>\n<p>[rev_slider alias=\"Balsa\"][\/rev_slider]<\/p>\n\n<img src=\"https:\/\/www.balsa.cat\/wp-content\/uploads\/2020\/10\/energia-solar-1.svg\" title=\"Home\" alt=\"Home\">\n<h2>A company committed to the environment.<\/h2> <p>We have recently made a self-consumption photovoltaic installation with 114 solar panels that generate 80,000 KWh \/ year, ceasing to emit more than 32 tons of CO2 into the atmosphere.<\/p>\n<a href=\"https:\/\/www.balsa.cat\/wp-content\/uploads\/2020\/10\/Video-sin-texto.mp4\" data-zoom-config=\"100%|px\"> <em><svg aria-hidden=\"true\"><use href=\"#tf-fab-youtube\"><\/use><\/svg><\/em> Watch Video <\/a>","_links":{"self":[{"href":"https:\/\/www.balsa.cat\/en\/wp-json\/wp\/v2\/pages\/2528","targetHints":{"allow":["GET"]}}],"collection":[{"href":"https:\/\/www.balsa.cat\/en\/wp-json\/wp\/v2\/pages"}],"about":[{"href":"https:\/\/www.balsa.cat\/en\/wp-json\/wp\/v2\/types\/page"}],"author":[{"embeddable":true,"href":"https:\/\/www.balsa.cat\/en\/wp-json\/wp\/v2\/users\/1"}],"replies":[{"embeddable":true,"href":"https:\/\/www.balsa.cat\/en\/wp-json\/wp\/v2\/comments?post=2528"}],"version-history":[{"count":3,"href":"https:\/\/www.balsa.cat\/en\/wp-json\/wp\/v2\/pages\/2528\/revisions"}],"predecessor-version":[{"id":3228,"href":"https:\/\/www.balsa.cat\/en\/wp-json\/wp\/v2\/pages\/2528\/revisions\/3228"}],"wp:attachment":[{"href":"https:\/\/www.balsa.cat\/en\/wp-json\/wp\/v2\/media?parent=2528"}],"curies":[{"name":"wp","href":"https:\/\/api.w.org\/{rel}","templated":true}]}}